{"id":171,"date":"2025-01-31T17:45:13","date_gmt":"2025-01-31T16:45:13","guid":{"rendered":"https:\/\/guggify.ch\/?page_id=171"},"modified":"2026-03-03T10:27:21","modified_gmt":"2026-03-03T09:27:21","slug":"anfrage","status":"publish","type":"page","link":"https:\/\/guggify.ch\/index.php\/anfrage\/","title":{"rendered":"Anfrage"},"content":{"rendered":"\n<div class=\"wp-block-group has-border-color has-text-color has-background has-link-color wp-elements-e88a42d1f5bb01ecfc166ea87d1cdc9f has-global-padding is-layout-constrained wp-container-core-group-is-layout-c385debf wp-block-group-is-layout-constrained\" style=\"border-color:#ff0000;border-width:2px;border-top-left-radius:8px;border-top-right-radius:8px;border-bottom-left-radius:8px;border-bottom-right-radius:8px;color:#ffffff;background-color:#ff0000;padding-top:var(--wp--preset--spacing--20);padding-right:var(--wp--preset--spacing--20);padding-bottom:var(--wp--preset--spacing--20);padding-left:var(--wp--preset--spacing--20)\">\n<p><strong>Ich bin vom 01.03.2026 bis 30.06.2026 im Ausland und kann in dieser Zeit leider keine Auftr\u00e4ge entgegennehmen. Ich freue mich aber ab 01.07.2026 wieder auf eure Anfragen!<\/strong><\/p>\n<\/div>\n\n\n\n<p>Du m\u00f6chtest, dass ich ein Lied f\u00fcr deinen Verein arrangiere? Super!<\/p>\n\n\n\n<p>F\u00fclle das untenstehende Formular nach bestem Wissen und Gewissen aus, um eine <strong>unverbindliche <\/strong>Anfrage zu stellen. <strong>Damit sind noch keine Kosten verbunden!<\/strong><\/p>\n\n\n\n<p>Ich werde mich im Anschluss bei dir melden um alles Weitere zu besprechen und einen Eindruck zu bekommen von euren W\u00fcnschen und eurem Verein.<\/p>\n\n\n\n<p>F\u00fcr weitere Fragen oder W\u00fcnsche sende eine Email an <strong><a href=\"mailto:info@guggify.ch\">info@guggify.ch<\/a><\/strong><\/p>\n\n\n\n<div style=\"height:20px\" aria-hidden=\"true\" class=\"wp-block-spacer\"><\/div>\n\n\n\n<div class=\"wp-block-columns alignwide is-layout-flex wp-container-core-columns-is-layout-28f84493 wp-block-columns-is-layout-flex\">\n<div class=\"wp-block-column is-layout-flow wp-block-column-is-layout-flow\">\n<figure class=\"wp-block-image size-large wp-duotone-unset-1\"><img fetchpriority=\"high\" decoding=\"async\" width=\"724\" height=\"1024\" src=\"https:\/\/guggify.ch\/wp-content\/uploads\/2025\/05\/Bestellprozess-724x1024.png\" alt=\"\" class=\"wp-image-414\" srcset=\"https:\/\/guggify.ch\/wp-content\/uploads\/2025\/05\/Bestellprozess-724x1024.png 724w, https:\/\/guggify.ch\/wp-content\/uploads\/2025\/05\/Bestellprozess-212x300.png 212w, https:\/\/guggify.ch\/wp-content\/uploads\/2025\/05\/Bestellprozess-768x1086.png 768w, https:\/\/guggify.ch\/wp-content\/uploads\/2025\/05\/Bestellprozess-1086x1536.png 1086w, https:\/\/guggify.ch\/wp-content\/uploads\/2025\/05\/Bestellprozess-1320x1867.png 1320w, https:\/\/guggify.ch\/wp-content\/uploads\/2025\/05\/Bestellprozess-600x849.png 600w, https:\/\/guggify.ch\/wp-content\/uploads\/2025\/05\/Bestellprozess.png 1414w\" sizes=\"(max-width: 724px) 100vw, 724px\" \/><\/figure>\n<\/div>\n\n\n\n<div class=\"wp-block-column is-layout-flow wp-block-column-is-layout-flow\"><div class=\"wp-block-jetpack-contact-form\"><a href=\"https:\/\/guggify.ch\/index.php\/anfrage\/\" target=\"_blank\" rel=\"noopener noreferrer\">Submit a form.<\/a><\/div><\/div>\n<\/div>\n\n\n\n<p><\/p>\n","protected":false},"excerpt":{"rendered":"<p>Ich bin vom 01.03.2026 bis 30.06.2026 im Ausland und kann in dieser Zeit leider keine Auftr\u00e4ge entgegennehmen. Ich freue mich aber ab 01.07.2026 wieder auf eure Anfragen! Du m\u00f6chtest, dass ich ein Lied f\u00fcr deinen Verein arrangiere? Super! F\u00fclle das untenstehende Formular nach bestem Wissen und Gewissen aus, um eine unverbindliche Anfrage zu stellen. Damit [&hellip;]<\/p>\n","protected":false},"author":1,"featured_media":0,"parent":0,"menu_order":0,"comment_status":"closed","ping_status":"closed","template":"","meta":{"footnotes":""},"class_list":["post-171","page","type-page","status-publish","hentry"],"yoast_head":"<!-- This site is optimized with the Yoast SEO plugin v26.6 - https:\/\/yoast.com\/wordpress\/plugins\/seo\/ -->\n<title>Anfrage - Guggify<\/title>\n<meta name=\"robots\" content=\"index, follow, max-snippet:-1, max-image-preview:large, max-video-preview:-1\" \/>\n<link rel=\"canonical\" href=\"https:\/\/guggify.ch\/index.php\/anfrage\/\" \/>\n<meta property=\"og:locale\" content=\"de_DE\" \/>\n<meta property=\"og:type\" content=\"article\" \/>\n<meta property=\"og:title\" content=\"Anfrage - Guggify\" \/>\n<meta property=\"og:description\" content=\"Ich bin vom 01.03.2026 bis 30.06.2026 im Ausland und kann in dieser Zeit leider keine Auftr\u00e4ge entgegennehmen. Ich freue mich aber ab 01.07.2026 wieder auf eure Anfragen! Du m\u00f6chtest, dass ich ein Lied f\u00fcr deinen Verein arrangiere? Super! F\u00fclle das untenstehende Formular nach bestem Wissen und Gewissen aus, um eine unverbindliche Anfrage zu stellen. Damit [&hellip;]\" \/>\n<meta property=\"og:url\" content=\"https:\/\/guggify.ch\/index.php\/anfrage\/\" \/>\n<meta property=\"og:site_name\" content=\"Guggify\" \/>\n<meta property=\"article:modified_time\" content=\"2026-03-03T09:27:21+00:00\" \/>\n<meta property=\"og:image\" content=\"https:\/\/guggify.ch\/wp-content\/uploads\/2025\/05\/Bestellprozess.png\" \/>\n\t<meta property=\"og:image:width\" content=\"1414\" \/>\n\t<meta property=\"og:image:height\" content=\"2000\" \/>\n\t<meta property=\"og:image:type\" content=\"image\/png\" \/>\n<meta name=\"twitter:card\" content=\"summary_large_image\" \/>\n<meta name=\"twitter:label1\" content=\"Gesch\u00e4tzte Lesezeit\" \/>\n\t<meta name=\"twitter:data1\" content=\"1\u00a0Minute\" \/>\n<script type=\"application\/ld+json\" class=\"yoast-schema-graph\">{\"@context\":\"https:\/\/schema.org\",\"@graph\":[{\"@type\":\"WebPage\",\"@id\":\"https:\/\/guggify.ch\/index.php\/anfrage\/\",\"url\":\"https:\/\/guggify.ch\/index.php\/anfrage\/\",\"name\":\"Anfrage - Guggify\",\"isPartOf\":{\"@id\":\"https:\/\/guggify.ch\/#website\"},\"primaryImageOfPage\":{\"@id\":\"https:\/\/guggify.ch\/index.php\/anfrage\/#primaryimage\"},\"image\":{\"@id\":\"https:\/\/guggify.ch\/index.php\/anfrage\/#primaryimage\"},\"thumbnailUrl\":\"https:\/\/guggify.ch\/wp-content\/uploads\/2025\/05\/Bestellprozess-724x1024.png\",\"datePublished\":\"2025-01-31T16:45:13+00:00\",\"dateModified\":\"2026-03-03T09:27:21+00:00\",\"breadcrumb\":{\"@id\":\"https:\/\/guggify.ch\/index.php\/anfrage\/#breadcrumb\"},\"inLanguage\":\"de-CH\",\"potentialAction\":[{\"@type\":\"ReadAction\",\"target\":[\"https:\/\/guggify.ch\/index.php\/anfrage\/\"]}]},{\"@type\":\"ImageObject\",\"inLanguage\":\"de-CH\",\"@id\":\"https:\/\/guggify.ch\/index.php\/anfrage\/#primaryimage\",\"url\":\"https:\/\/guggify.ch\/wp-content\/uploads\/2025\/05\/Bestellprozess.png\",\"contentUrl\":\"https:\/\/guggify.ch\/wp-content\/uploads\/2025\/05\/Bestellprozess.png\",\"width\":1414,\"height\":2000},{\"@type\":\"BreadcrumbList\",\"@id\":\"https:\/\/guggify.ch\/index.php\/anfrage\/#breadcrumb\",\"itemListElement\":[{\"@type\":\"ListItem\",\"position\":1,\"name\":\"Startseite\",\"item\":\"https:\/\/guggify.ch\/\"},{\"@type\":\"ListItem\",\"position\":2,\"name\":\"Anfrage\"}]},{\"@type\":\"WebSite\",\"@id\":\"https:\/\/guggify.ch\/#website\",\"url\":\"https:\/\/guggify.ch\/\",\"name\":\"Guggify\",\"description\":\"Guggen-Arrangements &amp; Noten, die bewegen.\",\"publisher\":{\"@id\":\"https:\/\/guggify.ch\/#organization\"},\"potentialAction\":[{\"@type\":\"SearchAction\",\"target\":{\"@type\":\"EntryPoint\",\"urlTemplate\":\"https:\/\/guggify.ch\/?s={search_term_string}\"},\"query-input\":{\"@type\":\"PropertyValueSpecification\",\"valueRequired\":true,\"valueName\":\"search_term_string\"}}],\"inLanguage\":\"de-CH\"},{\"@type\":\"Organization\",\"@id\":\"https:\/\/guggify.ch\/#organization\",\"name\":\"Guggify\",\"url\":\"https:\/\/guggify.ch\/\",\"logo\":{\"@type\":\"ImageObject\",\"inLanguage\":\"de-CH\",\"@id\":\"https:\/\/guggify.ch\/#\/schema\/logo\/image\/\",\"url\":\"https:\/\/guggify.ch\/wp-content\/uploads\/2025\/01\/DALL_E-2025-01-03-11.40-removebg-preview.png\",\"contentUrl\":\"https:\/\/guggify.ch\/wp-content\/uploads\/2025\/01\/DALL_E-2025-01-03-11.40-removebg-preview.png\",\"width\":500,\"height\":500,\"caption\":\"Guggify\"},\"image\":{\"@id\":\"https:\/\/guggify.ch\/#\/schema\/logo\/image\/\"},\"sameAs\":[\"https:\/\/www.youtube.com\/@Guggify-CH\"]}]}<\/script>\n<!-- \/ Yoast SEO plugin. -->","yoast_head_json":{"title":"Anfrage - Guggify","robots":{"index":"index","follow":"follow","max-snippet":"max-snippet:-1","max-image-preview":"max-image-preview:large","max-video-preview":"max-video-preview:-1"},"canonical":"https:\/\/guggify.ch\/index.php\/anfrage\/","og_locale":"de_DE","og_type":"article","og_title":"Anfrage - Guggify","og_description":"Ich bin vom 01.03.2026 bis 30.06.2026 im Ausland und kann in dieser Zeit leider keine Auftr\u00e4ge entgegennehmen. Ich freue mich aber ab 01.07.2026 wieder auf eure Anfragen! Du m\u00f6chtest, dass ich ein Lied f\u00fcr deinen Verein arrangiere? Super! F\u00fclle das untenstehende Formular nach bestem Wissen und Gewissen aus, um eine unverbindliche Anfrage zu stellen. Damit [&hellip;]","og_url":"https:\/\/guggify.ch\/index.php\/anfrage\/","og_site_name":"Guggify","article_modified_time":"2026-03-03T09:27:21+00:00","og_image":[{"width":1414,"height":2000,"url":"https:\/\/guggify.ch\/wp-content\/uploads\/2025\/05\/Bestellprozess.png","type":"image\/png"}],"twitter_card":"summary_large_image","twitter_misc":{"Gesch\u00e4tzte Lesezeit":"1\u00a0Minute"},"schema":{"@context":"https:\/\/schema.org","@graph":[{"@type":"WebPage","@id":"https:\/\/guggify.ch\/index.php\/anfrage\/","url":"https:\/\/guggify.ch\/index.php\/anfrage\/","name":"Anfrage - Guggify","isPartOf":{"@id":"https:\/\/guggify.ch\/#website"},"primaryImageOfPage":{"@id":"https:\/\/guggify.ch\/index.php\/anfrage\/#primaryimage"},"image":{"@id":"https:\/\/guggify.ch\/index.php\/anfrage\/#primaryimage"},"thumbnailUrl":"https:\/\/guggify.ch\/wp-content\/uploads\/2025\/05\/Bestellprozess-724x1024.png","datePublished":"2025-01-31T16:45:13+00:00","dateModified":"2026-03-03T09:27:21+00:00","breadcrumb":{"@id":"https:\/\/guggify.ch\/index.php\/anfrage\/#breadcrumb"},"inLanguage":"de-CH","potentialAction":[{"@type":"ReadAction","target":["https:\/\/guggify.ch\/index.php\/anfrage\/"]}]},{"@type":"ImageObject","inLanguage":"de-CH","@id":"https:\/\/guggify.ch\/index.php\/anfrage\/#primaryimage","url":"https:\/\/guggify.ch\/wp-content\/uploads\/2025\/05\/Bestellprozess.png","contentUrl":"https:\/\/guggify.ch\/wp-content\/uploads\/2025\/05\/Bestellprozess.png","width":1414,"height":2000},{"@type":"BreadcrumbList","@id":"https:\/\/guggify.ch\/index.php\/anfrage\/#breadcrumb","itemListElement":[{"@type":"ListItem","position":1,"name":"Startseite","item":"https:\/\/guggify.ch\/"},{"@type":"ListItem","position":2,"name":"Anfrage"}]},{"@type":"WebSite","@id":"https:\/\/guggify.ch\/#website","url":"https:\/\/guggify.ch\/","name":"Guggify","description":"Guggen-Arrangements &amp; Noten, die bewegen.","publisher":{"@id":"https:\/\/guggify.ch\/#organization"},"potentialAction":[{"@type":"SearchAction","target":{"@type":"EntryPoint","urlTemplate":"https:\/\/guggify.ch\/?s={search_term_string}"},"query-input":{"@type":"PropertyValueSpecification","valueRequired":true,"valueName":"search_term_string"}}],"inLanguage":"de-CH"},{"@type":"Organization","@id":"https:\/\/guggify.ch\/#organization","name":"Guggify","url":"https:\/\/guggify.ch\/","logo":{"@type":"ImageObject","inLanguage":"de-CH","@id":"https:\/\/guggify.ch\/#\/schema\/logo\/image\/","url":"https:\/\/guggify.ch\/wp-content\/uploads\/2025\/01\/DALL_E-2025-01-03-11.40-removebg-preview.png","contentUrl":"https:\/\/guggify.ch\/wp-content\/uploads\/2025\/01\/DALL_E-2025-01-03-11.40-removebg-preview.png","width":500,"height":500,"caption":"Guggify"},"image":{"@id":"https:\/\/guggify.ch\/#\/schema\/logo\/image\/"},"sameAs":["https:\/\/www.youtube.com\/@Guggify-CH"]}]}},"jetpack_sharing_enabled":true,"_links":{"self":[{"href":"https:\/\/guggify.ch\/index.php\/wp-json\/wp\/v2\/pages\/171","targetHints":{"allow":["GET"]}}],"collection":[{"href":"https:\/\/guggify.ch\/index.php\/wp-json\/wp\/v2\/pages"}],"about":[{"href":"https:\/\/guggify.ch\/index.php\/wp-json\/wp\/v2\/types\/page"}],"author":[{"embeddable":true,"href":"https:\/\/guggify.ch\/index.php\/wp-json\/wp\/v2\/users\/1"}],"replies":[{"embeddable":true,"href":"https:\/\/guggify.ch\/index.php\/wp-json\/wp\/v2\/comments?post=171"}],"version-history":[{"count":9,"href":"https:\/\/guggify.ch\/index.php\/wp-json\/wp\/v2\/pages\/171\/revisions"}],"predecessor-version":[{"id":1441,"href":"https:\/\/guggify.ch\/index.php\/wp-json\/wp\/v2\/pages\/171\/revisions\/1441"}],"wp:attachment":[{"href":"https:\/\/guggify.ch\/index.php\/wp-json\/wp\/v2\/media?parent=171"}],"curies":[{"name":"wp","href":"https:\/\/api.w.org\/{rel}","templated":true}]}}