{"id":133,"date":"2025-01-21T09:24:53","date_gmt":"2025-01-21T08:24:53","guid":{"rendered":"https:\/\/guggify.ch\/?post_type=product&#038;p=133"},"modified":"2025-05-09T20:11:02","modified_gmt":"2025-05-09T18:11:02","slug":"chasing-cars-snow-patrol","status":"publish","type":"product","link":"https:\/\/guggify.ch\/index.php\/produkt\/chasing-cars-snow-patrol\/","title":{"rendered":"Chasing Cars &#8211; Snow Patrol"},"content":{"rendered":"<audio class=\"wp-audio-shortcode\" id=\"audio-133-1\" preload=\"none\" style=\"width: 100%;\" controls=\"controls\"><source type=\"audio\/mpeg\" src=\"https:\/\/guggify.ch\/wp-content\/uploads\/2025\/01\/Chasing_Cars.mp3?_=1\" \/><a href=\"https:\/\/guggify.ch\/wp-content\/uploads\/2025\/01\/Chasing_Cars.mp3\">https:\/\/guggify.ch\/wp-content\/uploads\/2025\/01\/Chasing_Cars.mp3<\/a><\/audio>\n<p><iframe src=\"https:\/\/open.spotify.com\/embed\/track\/5hnyJvgoWiQUYZttV4wXy6?utm_source=generator\" width=\"100%\" height=\"152\" frameborder=\"0\" allowfullscreen=\"allowfullscreen\" data-mce-fragment=\"1\"><\/iframe><\/p>\n<h3>Stimmen<\/h3>\n<p>1 Euphonium, 1-2 Trompete, 1-2 Posaune, 1 Sousaphon, Schlagwerk<\/p>\n<h3>Schwierigkeit<\/h3>\n<p>Gesamtschwierigkeit: Einfach<\/p>\n","protected":false},"excerpt":{"rendered":"<p>Du suchst den perfekten Song, um bei der n\u00e4chsten Performance G\u00e4nsehaut und strahlende Gesichter zu erzeugen? Mit <strong>&#171;<\/strong>Chasing Cars&#187; von Snow Patrol liegst du goldrichtig!<\/p>\n<p>Der Song \u2013 ein moderner Klassiker \u2013 ist bekannt f\u00fcr seine schlichte Sch\u00f6nheit und kraftvolle Melodie, die direkt ins Herz geht. Perfekt f\u00fcr stimmungsvolle Momente, die das Publikum noch lange in Erinnerung behalten wird.<\/p>\n<p>Das Arrangement ist leicht spielbar, aber mit genau der richtigen Portion Dramatik, um die volle Magie des Liedes zu entfalten. Egal, ob ihr ein ruhiges Intro plant oder die volle Soundwand auffahren wollt \u2013 &#171;Chasing Cars&#187; ist vielseitig.<\/p>\n","protected":false},"featured_media":134,"comment_status":"open","ping_status":"closed","template":"","meta":[],"product_brand":[],"product_cat":[15],"product_tag":[],"class_list":{"0":"post-133","1":"product","2":"type-product","3":"status-publish","4":"has-post-thumbnail","6":"product_cat-unkategorisiert","8":"first","9":"instock","10":"downloadable","11":"virtual","12":"purchasable","13":"product-type-simple"},"yoast_head":"<!-- This site is optimized with the Yoast SEO plugin v26.6 - https:\/\/yoast.com\/wordpress\/plugins\/seo\/ -->\n<title>Chasing Cars - Snow Patrol - Guggify<\/title>\n<meta name=\"robots\" content=\"index, follow, max-snippet:-1, max-image-preview:large, max-video-preview:-1\" \/>\n<link rel=\"canonical\" href=\"https:\/\/guggify.ch\/index.php\/produkt\/chasing-cars-snow-patrol\/\" \/>\n<meta property=\"og:locale\" content=\"de_DE\" \/>\n<meta property=\"og:type\" content=\"article\" \/>\n<meta property=\"og:title\" content=\"Chasing Cars - Snow Patrol - Guggify\" \/>\n<meta property=\"og:description\" content=\"Du suchst den perfekten Song, um bei der n\u00e4chsten Performance G\u00e4nsehaut und strahlende Gesichter zu erzeugen? Mit &quot;Chasing Cars&quot; von Snow Patrol liegst du goldrichtig!  Der Song \u2013 ein moderner Klassiker \u2013 ist bekannt f\u00fcr seine schlichte Sch\u00f6nheit und kraftvolle Melodie, die direkt ins Herz geht. Perfekt f\u00fcr stimmungsvolle Momente, die das Publikum noch lange in Erinnerung behalten wird.  Das Arrangement ist leicht spielbar, aber mit genau der richtigen Portion Dramatik, um die volle Magie des Liedes zu entfalten. Egal, ob ihr ein ruhiges Intro plant oder die volle Soundwand auffahren wollt \u2013 &quot;Chasing Cars&quot; ist vielseitig.\" \/>\n<meta property=\"og:url\" content=\"https:\/\/guggify.ch\/index.php\/produkt\/chasing-cars-snow-patrol\/\" \/>\n<meta property=\"og:site_name\" content=\"Guggify\" \/>\n<meta property=\"article:modified_time\" content=\"2025-05-09T18:11:02+00:00\" \/>\n<meta property=\"og:image\" content=\"https:\/\/guggify.ch\/wp-content\/uploads\/2025\/01\/chasing_cars_snow_patrol.jpg\" \/>\n\t<meta property=\"og:image:width\" content=\"639\" \/>\n\t<meta property=\"og:image:height\" content=\"640\" \/>\n\t<meta property=\"og:image:type\" content=\"image\/jpeg\" \/>\n<meta name=\"twitter:card\" content=\"summary_large_image\" \/>\n<script type=\"application\/ld+json\" class=\"yoast-schema-graph\">{\"@context\":\"https:\/\/schema.org\",\"@graph\":[{\"@type\":\"WebPage\",\"@id\":\"https:\/\/guggify.ch\/index.php\/produkt\/chasing-cars-snow-patrol\/\",\"url\":\"https:\/\/guggify.ch\/index.php\/produkt\/chasing-cars-snow-patrol\/\",\"name\":\"Chasing Cars - Snow Patrol - Guggify\",\"isPartOf\":{\"@id\":\"https:\/\/guggify.ch\/#website\"},\"primaryImageOfPage\":{\"@id\":\"https:\/\/guggify.ch\/index.php\/produkt\/chasing-cars-snow-patrol\/#primaryimage\"},\"image\":{\"@id\":\"https:\/\/guggify.ch\/index.php\/produkt\/chasing-cars-snow-patrol\/#primaryimage\"},\"thumbnailUrl\":\"https:\/\/guggify.ch\/wp-content\/uploads\/2025\/01\/chasing_cars_snow_patrol.jpg\",\"datePublished\":\"2025-01-21T08:24:53+00:00\",\"dateModified\":\"2025-05-09T18:11:02+00:00\",\"breadcrumb\":{\"@id\":\"https:\/\/guggify.ch\/index.php\/produkt\/chasing-cars-snow-patrol\/#breadcrumb\"},\"inLanguage\":\"de-CH\",\"potentialAction\":[{\"@type\":\"ReadAction\",\"target\":[\"https:\/\/guggify.ch\/index.php\/produkt\/chasing-cars-snow-patrol\/\"]}]},{\"@type\":\"ImageObject\",\"inLanguage\":\"de-CH\",\"@id\":\"https:\/\/guggify.ch\/index.php\/produkt\/chasing-cars-snow-patrol\/#primaryimage\",\"url\":\"https:\/\/guggify.ch\/wp-content\/uploads\/2025\/01\/chasing_cars_snow_patrol.jpg\",\"contentUrl\":\"https:\/\/guggify.ch\/wp-content\/uploads\/2025\/01\/chasing_cars_snow_patrol.jpg\",\"width\":639,\"height\":640},{\"@type\":\"BreadcrumbList\",\"@id\":\"https:\/\/guggify.ch\/index.php\/produkt\/chasing-cars-snow-patrol\/#breadcrumb\",\"itemListElement\":[{\"@type\":\"ListItem\",\"position\":1,\"name\":\"Startseite\",\"item\":\"https:\/\/guggify.ch\/\"},{\"@type\":\"ListItem\",\"position\":2,\"name\":\"Lieder\",\"item\":\"https:\/\/guggify.ch\/index.php\/shop\/\"},{\"@type\":\"ListItem\",\"position\":3,\"name\":\"Chasing Cars &#8211; Snow Patrol\"}]},{\"@type\":\"WebSite\",\"@id\":\"https:\/\/guggify.ch\/#website\",\"url\":\"https:\/\/guggify.ch\/\",\"name\":\"Guggify\",\"description\":\"Guggen-Arrangements &amp; Noten, die bewegen.\",\"publisher\":{\"@id\":\"https:\/\/guggify.ch\/#organization\"},\"potentialAction\":[{\"@type\":\"SearchAction\",\"target\":{\"@type\":\"EntryPoint\",\"urlTemplate\":\"https:\/\/guggify.ch\/?s={search_term_string}\"},\"query-input\":{\"@type\":\"PropertyValueSpecification\",\"valueRequired\":true,\"valueName\":\"search_term_string\"}}],\"inLanguage\":\"de-CH\"},{\"@type\":\"Organization\",\"@id\":\"https:\/\/guggify.ch\/#organization\",\"name\":\"Guggify\",\"url\":\"https:\/\/guggify.ch\/\",\"logo\":{\"@type\":\"ImageObject\",\"inLanguage\":\"de-CH\",\"@id\":\"https:\/\/guggify.ch\/#\/schema\/logo\/image\/\",\"url\":\"https:\/\/guggify.ch\/wp-content\/uploads\/2025\/01\/DALL_E-2025-01-03-11.40-removebg-preview.png\",\"contentUrl\":\"https:\/\/guggify.ch\/wp-content\/uploads\/2025\/01\/DALL_E-2025-01-03-11.40-removebg-preview.png\",\"width\":500,\"height\":500,\"caption\":\"Guggify\"},\"image\":{\"@id\":\"https:\/\/guggify.ch\/#\/schema\/logo\/image\/\"},\"sameAs\":[\"https:\/\/www.youtube.com\/@Guggify-CH\"]}]}<\/script>\n<!-- \/ Yoast SEO plugin. -->","yoast_head_json":{"title":"Chasing Cars - Snow Patrol - Guggify","robots":{"index":"index","follow":"follow","max-snippet":"max-snippet:-1","max-image-preview":"max-image-preview:large","max-video-preview":"max-video-preview:-1"},"canonical":"https:\/\/guggify.ch\/index.php\/produkt\/chasing-cars-snow-patrol\/","og_locale":"de_DE","og_type":"article","og_title":"Chasing Cars - Snow Patrol - Guggify","og_description":"Du suchst den perfekten Song, um bei der n\u00e4chsten Performance G\u00e4nsehaut und strahlende Gesichter zu erzeugen? Mit \"Chasing Cars\" von Snow Patrol liegst du goldrichtig!  Der Song \u2013 ein moderner Klassiker \u2013 ist bekannt f\u00fcr seine schlichte Sch\u00f6nheit und kraftvolle Melodie, die direkt ins Herz geht. Perfekt f\u00fcr stimmungsvolle Momente, die das Publikum noch lange in Erinnerung behalten wird.  Das Arrangement ist leicht spielbar, aber mit genau der richtigen Portion Dramatik, um die volle Magie des Liedes zu entfalten. Egal, ob ihr ein ruhiges Intro plant oder die volle Soundwand auffahren wollt \u2013 \"Chasing Cars\" ist vielseitig.","og_url":"https:\/\/guggify.ch\/index.php\/produkt\/chasing-cars-snow-patrol\/","og_site_name":"Guggify","article_modified_time":"2025-05-09T18:11:02+00:00","og_image":[{"width":639,"height":640,"url":"https:\/\/guggify.ch\/wp-content\/uploads\/2025\/01\/chasing_cars_snow_patrol.jpg","type":"image\/jpeg"}],"twitter_card":"summary_large_image","schema":{"@context":"https:\/\/schema.org","@graph":[{"@type":"WebPage","@id":"https:\/\/guggify.ch\/index.php\/produkt\/chasing-cars-snow-patrol\/","url":"https:\/\/guggify.ch\/index.php\/produkt\/chasing-cars-snow-patrol\/","name":"Chasing Cars - Snow Patrol - Guggify","isPartOf":{"@id":"https:\/\/guggify.ch\/#website"},"primaryImageOfPage":{"@id":"https:\/\/guggify.ch\/index.php\/produkt\/chasing-cars-snow-patrol\/#primaryimage"},"image":{"@id":"https:\/\/guggify.ch\/index.php\/produkt\/chasing-cars-snow-patrol\/#primaryimage"},"thumbnailUrl":"https:\/\/guggify.ch\/wp-content\/uploads\/2025\/01\/chasing_cars_snow_patrol.jpg","datePublished":"2025-01-21T08:24:53+00:00","dateModified":"2025-05-09T18:11:02+00:00","breadcrumb":{"@id":"https:\/\/guggify.ch\/index.php\/produkt\/chasing-cars-snow-patrol\/#breadcrumb"},"inLanguage":"de-CH","potentialAction":[{"@type":"ReadAction","target":["https:\/\/guggify.ch\/index.php\/produkt\/chasing-cars-snow-patrol\/"]}]},{"@type":"ImageObject","inLanguage":"de-CH","@id":"https:\/\/guggify.ch\/index.php\/produkt\/chasing-cars-snow-patrol\/#primaryimage","url":"https:\/\/guggify.ch\/wp-content\/uploads\/2025\/01\/chasing_cars_snow_patrol.jpg","contentUrl":"https:\/\/guggify.ch\/wp-content\/uploads\/2025\/01\/chasing_cars_snow_patrol.jpg","width":639,"height":640},{"@type":"BreadcrumbList","@id":"https:\/\/guggify.ch\/index.php\/produkt\/chasing-cars-snow-patrol\/#breadcrumb","itemListElement":[{"@type":"ListItem","position":1,"name":"Startseite","item":"https:\/\/guggify.ch\/"},{"@type":"ListItem","position":2,"name":"Lieder","item":"https:\/\/guggify.ch\/index.php\/shop\/"},{"@type":"ListItem","position":3,"name":"Chasing Cars &#8211; Snow Patrol"}]},{"@type":"WebSite","@id":"https:\/\/guggify.ch\/#website","url":"https:\/\/guggify.ch\/","name":"Guggify","description":"Guggen-Arrangements &amp; Noten, die bewegen.","publisher":{"@id":"https:\/\/guggify.ch\/#organization"},"potentialAction":[{"@type":"SearchAction","target":{"@type":"EntryPoint","urlTemplate":"https:\/\/guggify.ch\/?s={search_term_string}"},"query-input":{"@type":"PropertyValueSpecification","valueRequired":true,"valueName":"search_term_string"}}],"inLanguage":"de-CH"},{"@type":"Organization","@id":"https:\/\/guggify.ch\/#organization","name":"Guggify","url":"https:\/\/guggify.ch\/","logo":{"@type":"ImageObject","inLanguage":"de-CH","@id":"https:\/\/guggify.ch\/#\/schema\/logo\/image\/","url":"https:\/\/guggify.ch\/wp-content\/uploads\/2025\/01\/DALL_E-2025-01-03-11.40-removebg-preview.png","contentUrl":"https:\/\/guggify.ch\/wp-content\/uploads\/2025\/01\/DALL_E-2025-01-03-11.40-removebg-preview.png","width":500,"height":500,"caption":"Guggify"},"image":{"@id":"https:\/\/guggify.ch\/#\/schema\/logo\/image\/"},"sameAs":["https:\/\/www.youtube.com\/@Guggify-CH"]}]}},"jetpack_sharing_enabled":true,"_links":{"self":[{"href":"https:\/\/guggify.ch\/index.php\/wp-json\/wp\/v2\/product\/133","targetHints":{"allow":["GET"]}}],"collection":[{"href":"https:\/\/guggify.ch\/index.php\/wp-json\/wp\/v2\/product"}],"about":[{"href":"https:\/\/guggify.ch\/index.php\/wp-json\/wp\/v2\/types\/product"}],"replies":[{"embeddable":true,"href":"https:\/\/guggify.ch\/index.php\/wp-json\/wp\/v2\/comments?post=133"}],"wp:featuredmedia":[{"embeddable":true,"href":"https:\/\/guggify.ch\/index.php\/wp-json\/wp\/v2\/media\/134"}],"wp:attachment":[{"href":"https:\/\/guggify.ch\/index.php\/wp-json\/wp\/v2\/media?parent=133"}],"wp:term":[{"taxonomy":"product_brand","embeddable":true,"href":"https:\/\/guggify.ch\/index.php\/wp-json\/wp\/v2\/product_brand?post=133"},{"taxonomy":"product_cat","embeddable":true,"href":"https:\/\/guggify.ch\/index.php\/wp-json\/wp\/v2\/product_cat?post=133"},{"taxonomy":"product_tag","embeddable":true,"href":"https:\/\/guggify.ch\/index.php\/wp-json\/wp\/v2\/product_tag?post=133"}],"curies":[{"name":"wp","href":"https:\/\/api.w.org\/{rel}","templated":true}]}}