{"id":1357,"date":"2025-12-25T12:53:49","date_gmt":"2025-12-25T11:53:49","guid":{"rendered":"https:\/\/guggify.ch\/?post_type=product&#038;p=1357"},"modified":"2025-12-25T12:53:49","modified_gmt":"2025-12-25T11:53:49","slug":"six-feet-under-smash-into-pieces","status":"publish","type":"product","link":"https:\/\/guggify.ch\/index.php\/produkt\/six-feet-under-smash-into-pieces\/","title":{"rendered":"Six Feet Under &#8211; Smash into Pieces"},"content":{"rendered":"<audio class=\"wp-audio-shortcode\" id=\"audio-1357-1\" preload=\"none\" style=\"width: 100%;\" controls=\"controls\"><source type=\"audio\/mpeg\" src=\"https:\/\/guggify.ch\/wp-content\/uploads\/2025\/12\/six_feet_under_smash.mp3?_=1\" \/><a href=\"https:\/\/guggify.ch\/wp-content\/uploads\/2025\/12\/six_feet_under_smash.mp3\">https:\/\/guggify.ch\/wp-content\/uploads\/2025\/12\/six_feet_under_smash.mp3<\/a><\/audio>\n<p><iframe style=\"border-radius: 12px;\" src=\"https:\/\/open.spotify.com\/embed\/track\/5DYCuzBPf13q0QZwQvjYzi?utm_source=generator\" width=\"100%\" height=\"152\" frameborder=\"0\" allowfullscreen=\"allowfullscreen\" data-testid=\"embed-iframe\"><\/iframe><\/p>\n<h3>Stimmen<\/h3>\n<p>1 Euphonium, 1-2 Trompete, 1-2 Posaune, 1 Sousaphon, Schlagwerk + Lyra<\/p>\n<h3>Schwierigkeit<\/h3>\n<p>Gesamtschwierigkeit: Einfach<\/p>\n<p>Rhythmisch ein wenig challenging aber gut machbar.<\/p>\n","protected":false},"excerpt":{"rendered":"<p><strong data-start=\"121\" data-end=\"141\">Six Feet Under\u201c<\/strong> bringt die kraftvolle Energie von Smash Into Pieces direkt auf die B\u00fchne \u2013 druckvoll, intensiv und mitreissend. Der Song lebt von seinem treibenden Beat und den mitreissenden Melodien, die sofort fesseln und das Publikum packen. Ein rockiges, emotionales St\u00fcck, das jede Performance mit Energie aufl\u00e4dt und ein absoluter Ohrwurm. Bleibt garantiert h\u00e4ngen.<\/p>\n","protected":false},"featured_media":1360,"comment_status":"open","ping_status":"closed","template":"","meta":[],"product_brand":[],"product_cat":[15],"product_tag":[],"class_list":{"0":"post-1357","1":"product","2":"type-product","3":"status-publish","4":"has-post-thumbnail","6":"product_cat-unkategorisiert","8":"first","9":"instock","10":"downloadable","11":"shipping-taxable","12":"purchasable","13":"product-type-simple"},"yoast_head":"<!-- This site is optimized with the Yoast SEO plugin v26.6 - https:\/\/yoast.com\/wordpress\/plugins\/seo\/ -->\n<title>Six Feet Under - Smash into Pieces - Guggify<\/title>\n<meta name=\"description\" content=\"Six feet under von Smash into Pieces als Guggenmusik Arrangement. Ideal f\u00fcr Fasnacht Party und Gugge. Rockiges St\u00fcck mit Ohrwurmpotential.\" \/>\n<meta name=\"robots\" content=\"index, follow, max-snippet:-1, max-image-preview:large, max-video-preview:-1\" \/>\n<link rel=\"canonical\" href=\"https:\/\/guggify.ch\/index.php\/produkt\/six-feet-under-smash-into-pieces\/\" \/>\n<meta property=\"og:locale\" content=\"de_DE\" \/>\n<meta property=\"og:type\" content=\"article\" \/>\n<meta property=\"og:title\" content=\"Six Feet Under - Smash into Pieces - Guggify\" \/>\n<meta property=\"og:description\" content=\"Six feet under von Smash into Pieces als Guggenmusik Arrangement. Ideal f\u00fcr Fasnacht Party und Gugge. Rockiges St\u00fcck mit Ohrwurmpotential.\" \/>\n<meta property=\"og:url\" content=\"https:\/\/guggify.ch\/index.php\/produkt\/six-feet-under-smash-into-pieces\/\" \/>\n<meta property=\"og:site_name\" content=\"Guggify\" \/>\n<meta property=\"og:image\" content=\"https:\/\/guggify.ch\/wp-content\/uploads\/2025\/12\/six_feet_under.jpg\" \/>\n\t<meta property=\"og:image:width\" content=\"640\" \/>\n\t<meta property=\"og:image:height\" content=\"640\" \/>\n\t<meta property=\"og:image:type\" content=\"image\/jpeg\" \/>\n<meta name=\"twitter:card\" content=\"summary_large_image\" \/>\n<meta name=\"twitter:label1\" content=\"Gesch\u00e4tzte Lesezeit\" \/>\n\t<meta name=\"twitter:data1\" content=\"1\u00a0Minute\" \/>\n<script type=\"application\/ld+json\" class=\"yoast-schema-graph\">{\"@context\":\"https:\/\/schema.org\",\"@graph\":[{\"@type\":\"WebPage\",\"@id\":\"https:\/\/guggify.ch\/index.php\/produkt\/six-feet-under-smash-into-pieces\/\",\"url\":\"https:\/\/guggify.ch\/index.php\/produkt\/six-feet-under-smash-into-pieces\/\",\"name\":\"Six Feet Under - Smash into Pieces - Guggify\",\"isPartOf\":{\"@id\":\"https:\/\/guggify.ch\/#website\"},\"primaryImageOfPage\":{\"@id\":\"https:\/\/guggify.ch\/index.php\/produkt\/six-feet-under-smash-into-pieces\/#primaryimage\"},\"image\":{\"@id\":\"https:\/\/guggify.ch\/index.php\/produkt\/six-feet-under-smash-into-pieces\/#primaryimage\"},\"thumbnailUrl\":\"https:\/\/guggify.ch\/wp-content\/uploads\/2025\/12\/six_feet_under.jpg\",\"datePublished\":\"2025-12-25T11:53:49+00:00\",\"description\":\"Six feet under von Smash into Pieces als Guggenmusik Arrangement. Ideal f\u00fcr Fasnacht Party und Gugge. Rockiges St\u00fcck mit Ohrwurmpotential.\",\"breadcrumb\":{\"@id\":\"https:\/\/guggify.ch\/index.php\/produkt\/six-feet-under-smash-into-pieces\/#breadcrumb\"},\"inLanguage\":\"de-CH\",\"potentialAction\":[{\"@type\":\"ReadAction\",\"target\":[\"https:\/\/guggify.ch\/index.php\/produkt\/six-feet-under-smash-into-pieces\/\"]}]},{\"@type\":\"ImageObject\",\"inLanguage\":\"de-CH\",\"@id\":\"https:\/\/guggify.ch\/index.php\/produkt\/six-feet-under-smash-into-pieces\/#primaryimage\",\"url\":\"https:\/\/guggify.ch\/wp-content\/uploads\/2025\/12\/six_feet_under.jpg\",\"contentUrl\":\"https:\/\/guggify.ch\/wp-content\/uploads\/2025\/12\/six_feet_under.jpg\",\"width\":640,\"height\":640},{\"@type\":\"BreadcrumbList\",\"@id\":\"https:\/\/guggify.ch\/index.php\/produkt\/six-feet-under-smash-into-pieces\/#breadcrumb\",\"itemListElement\":[{\"@type\":\"ListItem\",\"position\":1,\"name\":\"Startseite\",\"item\":\"https:\/\/guggify.ch\/\"},{\"@type\":\"ListItem\",\"position\":2,\"name\":\"Lieder\",\"item\":\"https:\/\/guggify.ch\/index.php\/shop\/\"},{\"@type\":\"ListItem\",\"position\":3,\"name\":\"Six Feet Under &#8211; Smash into Pieces\"}]},{\"@type\":\"WebSite\",\"@id\":\"https:\/\/guggify.ch\/#website\",\"url\":\"https:\/\/guggify.ch\/\",\"name\":\"Guggify\",\"description\":\"Guggen-Arrangements &amp; Noten, die bewegen.\",\"publisher\":{\"@id\":\"https:\/\/guggify.ch\/#organization\"},\"potentialAction\":[{\"@type\":\"SearchAction\",\"target\":{\"@type\":\"EntryPoint\",\"urlTemplate\":\"https:\/\/guggify.ch\/?s={search_term_string}\"},\"query-input\":{\"@type\":\"PropertyValueSpecification\",\"valueRequired\":true,\"valueName\":\"search_term_string\"}}],\"inLanguage\":\"de-CH\"},{\"@type\":\"Organization\",\"@id\":\"https:\/\/guggify.ch\/#organization\",\"name\":\"Guggify\",\"url\":\"https:\/\/guggify.ch\/\",\"logo\":{\"@type\":\"ImageObject\",\"inLanguage\":\"de-CH\",\"@id\":\"https:\/\/guggify.ch\/#\/schema\/logo\/image\/\",\"url\":\"https:\/\/guggify.ch\/wp-content\/uploads\/2025\/01\/DALL_E-2025-01-03-11.40-removebg-preview.png\",\"contentUrl\":\"https:\/\/guggify.ch\/wp-content\/uploads\/2025\/01\/DALL_E-2025-01-03-11.40-removebg-preview.png\",\"width\":500,\"height\":500,\"caption\":\"Guggify\"},\"image\":{\"@id\":\"https:\/\/guggify.ch\/#\/schema\/logo\/image\/\"},\"sameAs\":[\"https:\/\/www.youtube.com\/@Guggify-CH\"]}]}<\/script>\n<!-- \/ Yoast SEO plugin. -->","yoast_head_json":{"title":"Six Feet Under - Smash into Pieces - Guggify","description":"Six feet under von Smash into Pieces als Guggenmusik Arrangement. Ideal f\u00fcr Fasnacht Party und Gugge. Rockiges St\u00fcck mit Ohrwurmpotential.","robots":{"index":"index","follow":"follow","max-snippet":"max-snippet:-1","max-image-preview":"max-image-preview:large","max-video-preview":"max-video-preview:-1"},"canonical":"https:\/\/guggify.ch\/index.php\/produkt\/six-feet-under-smash-into-pieces\/","og_locale":"de_DE","og_type":"article","og_title":"Six Feet Under - Smash into Pieces - Guggify","og_description":"Six feet under von Smash into Pieces als Guggenmusik Arrangement. Ideal f\u00fcr Fasnacht Party und Gugge. Rockiges St\u00fcck mit Ohrwurmpotential.","og_url":"https:\/\/guggify.ch\/index.php\/produkt\/six-feet-under-smash-into-pieces\/","og_site_name":"Guggify","og_image":[{"width":640,"height":640,"url":"https:\/\/guggify.ch\/wp-content\/uploads\/2025\/12\/six_feet_under.jpg","type":"image\/jpeg"}],"twitter_card":"summary_large_image","twitter_misc":{"Gesch\u00e4tzte Lesezeit":"1\u00a0Minute"},"schema":{"@context":"https:\/\/schema.org","@graph":[{"@type":"WebPage","@id":"https:\/\/guggify.ch\/index.php\/produkt\/six-feet-under-smash-into-pieces\/","url":"https:\/\/guggify.ch\/index.php\/produkt\/six-feet-under-smash-into-pieces\/","name":"Six Feet Under - Smash into Pieces - Guggify","isPartOf":{"@id":"https:\/\/guggify.ch\/#website"},"primaryImageOfPage":{"@id":"https:\/\/guggify.ch\/index.php\/produkt\/six-feet-under-smash-into-pieces\/#primaryimage"},"image":{"@id":"https:\/\/guggify.ch\/index.php\/produkt\/six-feet-under-smash-into-pieces\/#primaryimage"},"thumbnailUrl":"https:\/\/guggify.ch\/wp-content\/uploads\/2025\/12\/six_feet_under.jpg","datePublished":"2025-12-25T11:53:49+00:00","description":"Six feet under von Smash into Pieces als Guggenmusik Arrangement. Ideal f\u00fcr Fasnacht Party und Gugge. Rockiges St\u00fcck mit Ohrwurmpotential.","breadcrumb":{"@id":"https:\/\/guggify.ch\/index.php\/produkt\/six-feet-under-smash-into-pieces\/#breadcrumb"},"inLanguage":"de-CH","potentialAction":[{"@type":"ReadAction","target":["https:\/\/guggify.ch\/index.php\/produkt\/six-feet-under-smash-into-pieces\/"]}]},{"@type":"ImageObject","inLanguage":"de-CH","@id":"https:\/\/guggify.ch\/index.php\/produkt\/six-feet-under-smash-into-pieces\/#primaryimage","url":"https:\/\/guggify.ch\/wp-content\/uploads\/2025\/12\/six_feet_under.jpg","contentUrl":"https:\/\/guggify.ch\/wp-content\/uploads\/2025\/12\/six_feet_under.jpg","width":640,"height":640},{"@type":"BreadcrumbList","@id":"https:\/\/guggify.ch\/index.php\/produkt\/six-feet-under-smash-into-pieces\/#breadcrumb","itemListElement":[{"@type":"ListItem","position":1,"name":"Startseite","item":"https:\/\/guggify.ch\/"},{"@type":"ListItem","position":2,"name":"Lieder","item":"https:\/\/guggify.ch\/index.php\/shop\/"},{"@type":"ListItem","position":3,"name":"Six Feet Under &#8211; Smash into Pieces"}]},{"@type":"WebSite","@id":"https:\/\/guggify.ch\/#website","url":"https:\/\/guggify.ch\/","name":"Guggify","description":"Guggen-Arrangements &amp; Noten, die bewegen.","publisher":{"@id":"https:\/\/guggify.ch\/#organization"},"potentialAction":[{"@type":"SearchAction","target":{"@type":"EntryPoint","urlTemplate":"https:\/\/guggify.ch\/?s={search_term_string}"},"query-input":{"@type":"PropertyValueSpecification","valueRequired":true,"valueName":"search_term_string"}}],"inLanguage":"de-CH"},{"@type":"Organization","@id":"https:\/\/guggify.ch\/#organization","name":"Guggify","url":"https:\/\/guggify.ch\/","logo":{"@type":"ImageObject","inLanguage":"de-CH","@id":"https:\/\/guggify.ch\/#\/schema\/logo\/image\/","url":"https:\/\/guggify.ch\/wp-content\/uploads\/2025\/01\/DALL_E-2025-01-03-11.40-removebg-preview.png","contentUrl":"https:\/\/guggify.ch\/wp-content\/uploads\/2025\/01\/DALL_E-2025-01-03-11.40-removebg-preview.png","width":500,"height":500,"caption":"Guggify"},"image":{"@id":"https:\/\/guggify.ch\/#\/schema\/logo\/image\/"},"sameAs":["https:\/\/www.youtube.com\/@Guggify-CH"]}]}},"jetpack_sharing_enabled":true,"_links":{"self":[{"href":"https:\/\/guggify.ch\/index.php\/wp-json\/wp\/v2\/product\/1357","targetHints":{"allow":["GET"]}}],"collection":[{"href":"https:\/\/guggify.ch\/index.php\/wp-json\/wp\/v2\/product"}],"about":[{"href":"https:\/\/guggify.ch\/index.php\/wp-json\/wp\/v2\/types\/product"}],"replies":[{"embeddable":true,"href":"https:\/\/guggify.ch\/index.php\/wp-json\/wp\/v2\/comments?post=1357"}],"wp:featuredmedia":[{"embeddable":true,"href":"https:\/\/guggify.ch\/index.php\/wp-json\/wp\/v2\/media\/1360"}],"wp:attachment":[{"href":"https:\/\/guggify.ch\/index.php\/wp-json\/wp\/v2\/media?parent=1357"}],"wp:term":[{"taxonomy":"product_brand","embeddable":true,"href":"https:\/\/guggify.ch\/index.php\/wp-json\/wp\/v2\/product_brand?post=1357"},{"taxonomy":"product_cat","embeddable":true,"href":"https:\/\/guggify.ch\/index.php\/wp-json\/wp\/v2\/product_cat?post=1357"},{"taxonomy":"product_tag","embeddable":true,"href":"https:\/\/guggify.ch\/index.php\/wp-json\/wp\/v2\/product_tag?post=1357"}],"curies":[{"name":"wp","href":"https:\/\/api.w.org\/{rel}","templated":true}]}}