{"id":1375,"date":"2025-12-25T13:39:14","date_gmt":"2025-12-25T12:39:14","guid":{"rendered":"https:\/\/guggify.ch\/?post_type=product&#038;p=1375"},"modified":"2026-01-04T11:49:45","modified_gmt":"2026-01-04T10:49:45","slug":"haebs-guet-pluesch","status":"publish","type":"product","link":"https:\/\/guggify.ch\/index.php\/produkt\/haebs-guet-pluesch\/","title":{"rendered":"H\u00e4bs Guet &#8211; Pl\u00fcsch"},"content":{"rendered":"<audio class=\"wp-audio-shortcode\" id=\"audio-1375-1\" preload=\"none\" style=\"width: 100%;\" controls=\"controls\"><source type=\"audio\/mpeg\" src=\"https:\/\/guggify.ch\/wp-content\/uploads\/2025\/12\/haebs_guet_pluesch.mp3?_=1\" \/><a href=\"https:\/\/guggify.ch\/wp-content\/uploads\/2025\/12\/haebs_guet_pluesch.mp3\">https:\/\/guggify.ch\/wp-content\/uploads\/2025\/12\/haebs_guet_pluesch.mp3<\/a><\/audio>\n<p><iframe style=\"border-radius: 12px;\" src=\"https:\/\/open.spotify.com\/embed\/track\/6CKy7Iq2Vp4lPNHBaWqkxd?utm_source=generator\" width=\"100%\" height=\"152\" frameborder=\"0\" allowfullscreen=\"allowfullscreen\" data-testid=\"embed-iframe\"><\/iframe><\/p>\n<h3>Stimmen<\/h3>\n<p>1-2 Trompete, 1-2 Posaune, 1 Sousaphon, Schlagwerk<\/p>\n<h3>Schwierigkeit<\/h3>\n<p>Gesamtschwierigkeit: Einfach<\/p>\n","protected":false},"excerpt":{"rendered":"<p><strong data-start=\"94\" data-end=\"109\">\u201eH\u00e4bs Guet\u201c<\/strong> bringt die unverwechselbare Energie von Pl\u00fcsch direkt auf die B\u00fchne \u2013 herzlich, mitreissend und voller Schweizer Charme. Der Song lebt von seinem treibenden Rhythmus und dem eing\u00e4ngigen Refrain, der sofort h\u00e4ngen bleibt und das Publikum ber\u00fchrt. Ein emotionales, lebendiges St\u00fcck, das jede Performance mit W\u00e4rme und Spielfreude aufl\u00e4dt.<\/p>\n","protected":false},"featured_media":1377,"comment_status":"open","ping_status":"closed","template":"","meta":[],"product_brand":[],"product_cat":[15],"product_tag":[],"class_list":{"0":"post-1375","1":"product","2":"type-product","3":"status-publish","4":"has-post-thumbnail","6":"product_cat-unkategorisiert","8":"first","9":"instock","10":"featured","11":"downloadable","12":"shipping-taxable","13":"purchasable","14":"product-type-simple"},"yoast_head":"<!-- This site is optimized with the Yoast SEO plugin v26.6 - https:\/\/yoast.com\/wordpress\/plugins\/seo\/ -->\n<title>H\u00e4bs Guet - Pl\u00fcsch - Guggify<\/title>\n<meta name=\"description\" content=\"H\u00e4bs guet von Pl\u00fcsch als Guggenmusik Arrangement. Ideal f\u00fcr Fasnacht und Gugge. Der Allzeitklassiker von Pl\u00fcsch, garantierte Emotionen und G\u00e4nsehaut.\" \/>\n<meta name=\"robots\" content=\"index, follow, max-snippet:-1, max-image-preview:large, max-video-preview:-1\" \/>\n<link rel=\"canonical\" href=\"https:\/\/guggify.ch\/index.php\/produkt\/haebs-guet-pluesch\/\" \/>\n<meta property=\"og:locale\" content=\"de_DE\" \/>\n<meta property=\"og:type\" content=\"article\" \/>\n<meta property=\"og:title\" content=\"H\u00e4bs Guet - Pl\u00fcsch - Guggify\" \/>\n<meta property=\"og:description\" content=\"H\u00e4bs guet von Pl\u00fcsch als Guggenmusik Arrangement. Ideal f\u00fcr Fasnacht und Gugge. Der Allzeitklassiker von Pl\u00fcsch, garantierte Emotionen und G\u00e4nsehaut.\" \/>\n<meta property=\"og:url\" content=\"https:\/\/guggify.ch\/index.php\/produkt\/haebs-guet-pluesch\/\" \/>\n<meta property=\"og:site_name\" content=\"Guggify\" \/>\n<meta property=\"article:modified_time\" content=\"2026-01-04T10:49:45+00:00\" \/>\n<meta property=\"og:image\" content=\"https:\/\/guggify.ch\/wp-content\/uploads\/2025\/12\/pluesch.jpg\" \/>\n\t<meta property=\"og:image:width\" content=\"1200\" \/>\n\t<meta property=\"og:image:height\" content=\"1200\" \/>\n\t<meta property=\"og:image:type\" content=\"image\/jpeg\" \/>\n<meta name=\"twitter:card\" content=\"summary_large_image\" \/>\n<meta name=\"twitter:label1\" content=\"Gesch\u00e4tzte Lesezeit\" \/>\n\t<meta name=\"twitter:data1\" content=\"1\u00a0Minute\" \/>\n<script type=\"application\/ld+json\" class=\"yoast-schema-graph\">{\"@context\":\"https:\/\/schema.org\",\"@graph\":[{\"@type\":\"WebPage\",\"@id\":\"https:\/\/guggify.ch\/index.php\/produkt\/haebs-guet-pluesch\/\",\"url\":\"https:\/\/guggify.ch\/index.php\/produkt\/haebs-guet-pluesch\/\",\"name\":\"H\u00e4bs Guet - Pl\u00fcsch - Guggify\",\"isPartOf\":{\"@id\":\"https:\/\/guggify.ch\/#website\"},\"primaryImageOfPage\":{\"@id\":\"https:\/\/guggify.ch\/index.php\/produkt\/haebs-guet-pluesch\/#primaryimage\"},\"image\":{\"@id\":\"https:\/\/guggify.ch\/index.php\/produkt\/haebs-guet-pluesch\/#primaryimage\"},\"thumbnailUrl\":\"https:\/\/guggify.ch\/wp-content\/uploads\/2025\/12\/pluesch.jpg\",\"datePublished\":\"2025-12-25T12:39:14+00:00\",\"dateModified\":\"2026-01-04T10:49:45+00:00\",\"description\":\"H\u00e4bs guet von Pl\u00fcsch als Guggenmusik Arrangement. Ideal f\u00fcr Fasnacht und Gugge. Der Allzeitklassiker von Pl\u00fcsch, garantierte Emotionen und G\u00e4nsehaut.\",\"breadcrumb\":{\"@id\":\"https:\/\/guggify.ch\/index.php\/produkt\/haebs-guet-pluesch\/#breadcrumb\"},\"inLanguage\":\"de-CH\",\"potentialAction\":[{\"@type\":\"ReadAction\",\"target\":[\"https:\/\/guggify.ch\/index.php\/produkt\/haebs-guet-pluesch\/\"]}]},{\"@type\":\"ImageObject\",\"inLanguage\":\"de-CH\",\"@id\":\"https:\/\/guggify.ch\/index.php\/produkt\/haebs-guet-pluesch\/#primaryimage\",\"url\":\"https:\/\/guggify.ch\/wp-content\/uploads\/2025\/12\/pluesch.jpg\",\"contentUrl\":\"https:\/\/guggify.ch\/wp-content\/uploads\/2025\/12\/pluesch.jpg\",\"width\":1200,\"height\":1200},{\"@type\":\"BreadcrumbList\",\"@id\":\"https:\/\/guggify.ch\/index.php\/produkt\/haebs-guet-pluesch\/#breadcrumb\",\"itemListElement\":[{\"@type\":\"ListItem\",\"position\":1,\"name\":\"Startseite\",\"item\":\"https:\/\/guggify.ch\/\"},{\"@type\":\"ListItem\",\"position\":2,\"name\":\"Lieder\",\"item\":\"https:\/\/guggify.ch\/index.php\/shop\/\"},{\"@type\":\"ListItem\",\"position\":3,\"name\":\"H\u00e4bs Guet &#8211; Pl\u00fcsch\"}]},{\"@type\":\"WebSite\",\"@id\":\"https:\/\/guggify.ch\/#website\",\"url\":\"https:\/\/guggify.ch\/\",\"name\":\"Guggify\",\"description\":\"Guggen-Arrangements &amp; Noten, die bewegen.\",\"publisher\":{\"@id\":\"https:\/\/guggify.ch\/#organization\"},\"potentialAction\":[{\"@type\":\"SearchAction\",\"target\":{\"@type\":\"EntryPoint\",\"urlTemplate\":\"https:\/\/guggify.ch\/?s={search_term_string}\"},\"query-input\":{\"@type\":\"PropertyValueSpecification\",\"valueRequired\":true,\"valueName\":\"search_term_string\"}}],\"inLanguage\":\"de-CH\"},{\"@type\":\"Organization\",\"@id\":\"https:\/\/guggify.ch\/#organization\",\"name\":\"Guggify\",\"url\":\"https:\/\/guggify.ch\/\",\"logo\":{\"@type\":\"ImageObject\",\"inLanguage\":\"de-CH\",\"@id\":\"https:\/\/guggify.ch\/#\/schema\/logo\/image\/\",\"url\":\"https:\/\/guggify.ch\/wp-content\/uploads\/2025\/01\/DALL_E-2025-01-03-11.40-removebg-preview.png\",\"contentUrl\":\"https:\/\/guggify.ch\/wp-content\/uploads\/2025\/01\/DALL_E-2025-01-03-11.40-removebg-preview.png\",\"width\":500,\"height\":500,\"caption\":\"Guggify\"},\"image\":{\"@id\":\"https:\/\/guggify.ch\/#\/schema\/logo\/image\/\"},\"sameAs\":[\"https:\/\/www.youtube.com\/@Guggify-CH\"]}]}<\/script>\n<!-- \/ Yoast SEO plugin. -->","yoast_head_json":{"title":"H\u00e4bs Guet - Pl\u00fcsch - Guggify","description":"H\u00e4bs guet von Pl\u00fcsch als Guggenmusik Arrangement. Ideal f\u00fcr Fasnacht und Gugge. Der Allzeitklassiker von Pl\u00fcsch, garantierte Emotionen und G\u00e4nsehaut.","robots":{"index":"index","follow":"follow","max-snippet":"max-snippet:-1","max-image-preview":"max-image-preview:large","max-video-preview":"max-video-preview:-1"},"canonical":"https:\/\/guggify.ch\/index.php\/produkt\/haebs-guet-pluesch\/","og_locale":"de_DE","og_type":"article","og_title":"H\u00e4bs Guet - Pl\u00fcsch - Guggify","og_description":"H\u00e4bs guet von Pl\u00fcsch als Guggenmusik Arrangement. Ideal f\u00fcr Fasnacht und Gugge. Der Allzeitklassiker von Pl\u00fcsch, garantierte Emotionen und G\u00e4nsehaut.","og_url":"https:\/\/guggify.ch\/index.php\/produkt\/haebs-guet-pluesch\/","og_site_name":"Guggify","article_modified_time":"2026-01-04T10:49:45+00:00","og_image":[{"width":1200,"height":1200,"url":"https:\/\/guggify.ch\/wp-content\/uploads\/2025\/12\/pluesch.jpg","type":"image\/jpeg"}],"twitter_card":"summary_large_image","twitter_misc":{"Gesch\u00e4tzte Lesezeit":"1\u00a0Minute"},"schema":{"@context":"https:\/\/schema.org","@graph":[{"@type":"WebPage","@id":"https:\/\/guggify.ch\/index.php\/produkt\/haebs-guet-pluesch\/","url":"https:\/\/guggify.ch\/index.php\/produkt\/haebs-guet-pluesch\/","name":"H\u00e4bs Guet - Pl\u00fcsch - Guggify","isPartOf":{"@id":"https:\/\/guggify.ch\/#website"},"primaryImageOfPage":{"@id":"https:\/\/guggify.ch\/index.php\/produkt\/haebs-guet-pluesch\/#primaryimage"},"image":{"@id":"https:\/\/guggify.ch\/index.php\/produkt\/haebs-guet-pluesch\/#primaryimage"},"thumbnailUrl":"https:\/\/guggify.ch\/wp-content\/uploads\/2025\/12\/pluesch.jpg","datePublished":"2025-12-25T12:39:14+00:00","dateModified":"2026-01-04T10:49:45+00:00","description":"H\u00e4bs guet von Pl\u00fcsch als Guggenmusik Arrangement. Ideal f\u00fcr Fasnacht und Gugge. Der Allzeitklassiker von Pl\u00fcsch, garantierte Emotionen und G\u00e4nsehaut.","breadcrumb":{"@id":"https:\/\/guggify.ch\/index.php\/produkt\/haebs-guet-pluesch\/#breadcrumb"},"inLanguage":"de-CH","potentialAction":[{"@type":"ReadAction","target":["https:\/\/guggify.ch\/index.php\/produkt\/haebs-guet-pluesch\/"]}]},{"@type":"ImageObject","inLanguage":"de-CH","@id":"https:\/\/guggify.ch\/index.php\/produkt\/haebs-guet-pluesch\/#primaryimage","url":"https:\/\/guggify.ch\/wp-content\/uploads\/2025\/12\/pluesch.jpg","contentUrl":"https:\/\/guggify.ch\/wp-content\/uploads\/2025\/12\/pluesch.jpg","width":1200,"height":1200},{"@type":"BreadcrumbList","@id":"https:\/\/guggify.ch\/index.php\/produkt\/haebs-guet-pluesch\/#breadcrumb","itemListElement":[{"@type":"ListItem","position":1,"name":"Startseite","item":"https:\/\/guggify.ch\/"},{"@type":"ListItem","position":2,"name":"Lieder","item":"https:\/\/guggify.ch\/index.php\/shop\/"},{"@type":"ListItem","position":3,"name":"H\u00e4bs Guet &#8211; Pl\u00fcsch"}]},{"@type":"WebSite","@id":"https:\/\/guggify.ch\/#website","url":"https:\/\/guggify.ch\/","name":"Guggify","description":"Guggen-Arrangements &amp; Noten, die bewegen.","publisher":{"@id":"https:\/\/guggify.ch\/#organization"},"potentialAction":[{"@type":"SearchAction","target":{"@type":"EntryPoint","urlTemplate":"https:\/\/guggify.ch\/?s={search_term_string}"},"query-input":{"@type":"PropertyValueSpecification","valueRequired":true,"valueName":"search_term_string"}}],"inLanguage":"de-CH"},{"@type":"Organization","@id":"https:\/\/guggify.ch\/#organization","name":"Guggify","url":"https:\/\/guggify.ch\/","logo":{"@type":"ImageObject","inLanguage":"de-CH","@id":"https:\/\/guggify.ch\/#\/schema\/logo\/image\/","url":"https:\/\/guggify.ch\/wp-content\/uploads\/2025\/01\/DALL_E-2025-01-03-11.40-removebg-preview.png","contentUrl":"https:\/\/guggify.ch\/wp-content\/uploads\/2025\/01\/DALL_E-2025-01-03-11.40-removebg-preview.png","width":500,"height":500,"caption":"Guggify"},"image":{"@id":"https:\/\/guggify.ch\/#\/schema\/logo\/image\/"},"sameAs":["https:\/\/www.youtube.com\/@Guggify-CH"]}]}},"jetpack_sharing_enabled":true,"_links":{"self":[{"href":"https:\/\/guggify.ch\/index.php\/wp-json\/wp\/v2\/product\/1375","targetHints":{"allow":["GET"]}}],"collection":[{"href":"https:\/\/guggify.ch\/index.php\/wp-json\/wp\/v2\/product"}],"about":[{"href":"https:\/\/guggify.ch\/index.php\/wp-json\/wp\/v2\/types\/product"}],"replies":[{"embeddable":true,"href":"https:\/\/guggify.ch\/index.php\/wp-json\/wp\/v2\/comments?post=1375"}],"wp:featuredmedia":[{"embeddable":true,"href":"https:\/\/guggify.ch\/index.php\/wp-json\/wp\/v2\/media\/1377"}],"wp:attachment":[{"href":"https:\/\/guggify.ch\/index.php\/wp-json\/wp\/v2\/media?parent=1375"}],"wp:term":[{"taxonomy":"product_brand","embeddable":true,"href":"https:\/\/guggify.ch\/index.php\/wp-json\/wp\/v2\/product_brand?post=1375"},{"taxonomy":"product_cat","embeddable":true,"href":"https:\/\/guggify.ch\/index.php\/wp-json\/wp\/v2\/product_cat?post=1375"},{"taxonomy":"product_tag","embeddable":true,"href":"https:\/\/guggify.ch\/index.php\/wp-json\/wp\/v2\/product_tag?post=1375"}],"curies":[{"name":"wp","href":"https:\/\/api.w.org\/{rel}","templated":true}]}}