{"id":154,"date":"2025-01-31T16:38:19","date_gmt":"2025-01-31T15:38:19","guid":{"rendered":"https:\/\/guggify.ch\/?post_type=product&#038;p=154"},"modified":"2025-05-15T09:49:45","modified_gmt":"2025-05-15T07:49:45","slug":"chliini-haend-kunz","status":"publish","type":"product","link":"https:\/\/guggify.ch\/index.php\/produkt\/chliini-haend-kunz\/","title":{"rendered":"Chliini H\u00e4nd &#8211; Kunz"},"content":{"rendered":"<p><audio class=\"wp-audio-shortcode\" id=\"audio-154-1\" preload=\"none\" style=\"width: 100%;\" controls=\"controls\"><source type=\"audio\/mpeg\" src=\"https:\/\/guggify.ch\/wp-content\/uploads\/2025\/01\/chliini_haend.mp3?_=1\" \/><a href=\"https:\/\/guggify.ch\/wp-content\/uploads\/2025\/01\/chliini_haend.mp3\">https:\/\/guggify.ch\/wp-content\/uploads\/2025\/01\/chliini_haend.mp3<\/a><\/audio><br \/>\n<iframe style=\"border-radius:12px\" src=\"https:\/\/open.spotify.com\/embed\/track\/4QrNOFMHaTbgPNu0DMhj5g?utm_source=generator\" width=\"100%\" height=\"152\" frameBorder=\"0\" allowfullscreen=\"\" allow=\"autoplay; clipboard-write; encrypted-media; fullscreen; picture-in-picture\" loading=\"lazy\"><\/iframe><\/p>\n<h3>Stimmen<\/h3>\n<p>1 Euphonium, 1-2 Trompete, 1-2 Posaune, 1 Sousaphon, Schlagwerk + Lyra<\/p>\n<h3>Schwierigkeit<\/h3>\n<p>Gesamtschwierigkeit: Grunds\u00e4tzlich einfach mit ein paar T\u00fccken <\/p>\n","protected":false},"excerpt":{"rendered":"<p>Mit \u201eChliini H\u00e4nd\u201c von Kunz bringt man echte Emotion und eine Prise Heimat ins Guggenprogramm. Der Song lebt von seiner ruhigen, ehrlichen Art \u2013 getragen von einer sch\u00f6nen Melodie, die im Arrangement abwechslungsreich umgesetzt wird: Mal weich und zur\u00fcckhaltend, mal mit etwas mehr Schub, aber immer mit viel Gef\u00fchl.<\/p>\n<p>Musikalisch bewegt sich das St\u00fcck auf mittlerem Niveau. Die Stimmen sind gut aufeinander abgestimmt, fordern aber auch ein wenig Feingef\u00fchl, besonders in der Dynamik und im Zusammenspiel. Ein idealer Moment zum Durchatmen mitten im Set \u2013 oder als stimmungsvoller Abschluss, bei dem\u2019s auch mal etwas n\u00e4her ans Herz gehen darf.<\/p>\n","protected":false},"featured_media":155,"comment_status":"open","ping_status":"closed","template":"","meta":[],"product_brand":[],"product_cat":[15],"product_tag":[],"class_list":{"0":"post-154","1":"product","2":"type-product","3":"status-publish","4":"has-post-thumbnail","6":"product_cat-unkategorisiert","8":"first","9":"instock","10":"downloadable","11":"virtual","12":"purchasable","13":"product-type-simple"},"yoast_head":"<!-- This site is optimized with the Yoast SEO plugin v26.6 - https:\/\/yoast.com\/wordpress\/plugins\/seo\/ -->\n<title>Chliini H\u00e4nd - Kunz - Guggify<\/title>\n<meta name=\"description\" content=\"\u201eChliini H\u00e4nd\u201c \u2013 ehrlicher Mundart-Pop mit Gef\u00fchl. Abwechslungsreich gesetzt, musikalisch ber\u00fchrend \u2013 perfekt f\u00fcr ruhigere Momente im Gugge-Set.\" \/>\n<meta name=\"robots\" content=\"index, follow, max-snippet:-1, max-image-preview:large, max-video-preview:-1\" \/>\n<link rel=\"canonical\" href=\"https:\/\/guggify.ch\/index.php\/produkt\/chliini-haend-kunz\/\" \/>\n<meta property=\"og:locale\" content=\"de_DE\" \/>\n<meta property=\"og:type\" content=\"article\" \/>\n<meta property=\"og:title\" content=\"Chliini H\u00e4nd - Kunz - Guggify\" \/>\n<meta property=\"og:description\" content=\"\u201eChliini H\u00e4nd\u201c \u2013 ehrlicher Mundart-Pop mit Gef\u00fchl. Abwechslungsreich gesetzt, musikalisch ber\u00fchrend \u2013 perfekt f\u00fcr ruhigere Momente im Gugge-Set.\" \/>\n<meta property=\"og:url\" content=\"https:\/\/guggify.ch\/index.php\/produkt\/chliini-haend-kunz\/\" \/>\n<meta property=\"og:site_name\" content=\"Guggify\" \/>\n<meta property=\"article:modified_time\" content=\"2025-05-15T07:49:45+00:00\" \/>\n<meta property=\"og:image\" content=\"https:\/\/guggify.ch\/wp-content\/uploads\/2025\/01\/chlinii_haend_cover.jpg\" \/>\n\t<meta property=\"og:image:width\" content=\"640\" \/>\n\t<meta property=\"og:image:height\" content=\"640\" \/>\n\t<meta property=\"og:image:type\" content=\"image\/jpeg\" \/>\n<meta name=\"twitter:card\" content=\"summary_large_image\" \/>\n<meta name=\"twitter:label1\" content=\"Gesch\u00e4tzte Lesezeit\" \/>\n\t<meta name=\"twitter:data1\" content=\"1\u00a0Minute\" \/>\n<script type=\"application\/ld+json\" class=\"yoast-schema-graph\">{\"@context\":\"https:\/\/schema.org\",\"@graph\":[{\"@type\":\"WebPage\",\"@id\":\"https:\/\/guggify.ch\/index.php\/produkt\/chliini-haend-kunz\/\",\"url\":\"https:\/\/guggify.ch\/index.php\/produkt\/chliini-haend-kunz\/\",\"name\":\"Chliini H\u00e4nd - Kunz - Guggify\",\"isPartOf\":{\"@id\":\"https:\/\/guggify.ch\/#website\"},\"primaryImageOfPage\":{\"@id\":\"https:\/\/guggify.ch\/index.php\/produkt\/chliini-haend-kunz\/#primaryimage\"},\"image\":{\"@id\":\"https:\/\/guggify.ch\/index.php\/produkt\/chliini-haend-kunz\/#primaryimage\"},\"thumbnailUrl\":\"https:\/\/guggify.ch\/wp-content\/uploads\/2025\/01\/chlinii_haend_cover.jpg\",\"datePublished\":\"2025-01-31T15:38:19+00:00\",\"dateModified\":\"2025-05-15T07:49:45+00:00\",\"description\":\"\u201eChliini H\u00e4nd\u201c \u2013 ehrlicher Mundart-Pop mit Gef\u00fchl. Abwechslungsreich gesetzt, musikalisch ber\u00fchrend \u2013 perfekt f\u00fcr ruhigere Momente im Gugge-Set.\",\"breadcrumb\":{\"@id\":\"https:\/\/guggify.ch\/index.php\/produkt\/chliini-haend-kunz\/#breadcrumb\"},\"inLanguage\":\"de-CH\",\"potentialAction\":[{\"@type\":\"ReadAction\",\"target\":[\"https:\/\/guggify.ch\/index.php\/produkt\/chliini-haend-kunz\/\"]}]},{\"@type\":\"ImageObject\",\"inLanguage\":\"de-CH\",\"@id\":\"https:\/\/guggify.ch\/index.php\/produkt\/chliini-haend-kunz\/#primaryimage\",\"url\":\"https:\/\/guggify.ch\/wp-content\/uploads\/2025\/01\/chlinii_haend_cover.jpg\",\"contentUrl\":\"https:\/\/guggify.ch\/wp-content\/uploads\/2025\/01\/chlinii_haend_cover.jpg\",\"width\":640,\"height\":640},{\"@type\":\"BreadcrumbList\",\"@id\":\"https:\/\/guggify.ch\/index.php\/produkt\/chliini-haend-kunz\/#breadcrumb\",\"itemListElement\":[{\"@type\":\"ListItem\",\"position\":1,\"name\":\"Startseite\",\"item\":\"https:\/\/guggify.ch\/\"},{\"@type\":\"ListItem\",\"position\":2,\"name\":\"Lieder\",\"item\":\"https:\/\/guggify.ch\/index.php\/shop\/\"},{\"@type\":\"ListItem\",\"position\":3,\"name\":\"Chliini H\u00e4nd &#8211; Kunz\"}]},{\"@type\":\"WebSite\",\"@id\":\"https:\/\/guggify.ch\/#website\",\"url\":\"https:\/\/guggify.ch\/\",\"name\":\"Guggify\",\"description\":\"Guggen-Arrangements &amp; Noten, die bewegen.\",\"publisher\":{\"@id\":\"https:\/\/guggify.ch\/#organization\"},\"potentialAction\":[{\"@type\":\"SearchAction\",\"target\":{\"@type\":\"EntryPoint\",\"urlTemplate\":\"https:\/\/guggify.ch\/?s={search_term_string}\"},\"query-input\":{\"@type\":\"PropertyValueSpecification\",\"valueRequired\":true,\"valueName\":\"search_term_string\"}}],\"inLanguage\":\"de-CH\"},{\"@type\":\"Organization\",\"@id\":\"https:\/\/guggify.ch\/#organization\",\"name\":\"Guggify\",\"url\":\"https:\/\/guggify.ch\/\",\"logo\":{\"@type\":\"ImageObject\",\"inLanguage\":\"de-CH\",\"@id\":\"https:\/\/guggify.ch\/#\/schema\/logo\/image\/\",\"url\":\"https:\/\/guggify.ch\/wp-content\/uploads\/2025\/01\/DALL_E-2025-01-03-11.40-removebg-preview.png\",\"contentUrl\":\"https:\/\/guggify.ch\/wp-content\/uploads\/2025\/01\/DALL_E-2025-01-03-11.40-removebg-preview.png\",\"width\":500,\"height\":500,\"caption\":\"Guggify\"},\"image\":{\"@id\":\"https:\/\/guggify.ch\/#\/schema\/logo\/image\/\"},\"sameAs\":[\"https:\/\/www.youtube.com\/@Guggify-CH\"]}]}<\/script>\n<!-- \/ Yoast SEO plugin. -->","yoast_head_json":{"title":"Chliini H\u00e4nd - Kunz - Guggify","description":"\u201eChliini H\u00e4nd\u201c \u2013 ehrlicher Mundart-Pop mit Gef\u00fchl. Abwechslungsreich gesetzt, musikalisch ber\u00fchrend \u2013 perfekt f\u00fcr ruhigere Momente im Gugge-Set.","robots":{"index":"index","follow":"follow","max-snippet":"max-snippet:-1","max-image-preview":"max-image-preview:large","max-video-preview":"max-video-preview:-1"},"canonical":"https:\/\/guggify.ch\/index.php\/produkt\/chliini-haend-kunz\/","og_locale":"de_DE","og_type":"article","og_title":"Chliini H\u00e4nd - Kunz - Guggify","og_description":"\u201eChliini H\u00e4nd\u201c \u2013 ehrlicher Mundart-Pop mit Gef\u00fchl. Abwechslungsreich gesetzt, musikalisch ber\u00fchrend \u2013 perfekt f\u00fcr ruhigere Momente im Gugge-Set.","og_url":"https:\/\/guggify.ch\/index.php\/produkt\/chliini-haend-kunz\/","og_site_name":"Guggify","article_modified_time":"2025-05-15T07:49:45+00:00","og_image":[{"width":640,"height":640,"url":"https:\/\/guggify.ch\/wp-content\/uploads\/2025\/01\/chlinii_haend_cover.jpg","type":"image\/jpeg"}],"twitter_card":"summary_large_image","twitter_misc":{"Gesch\u00e4tzte Lesezeit":"1\u00a0Minute"},"schema":{"@context":"https:\/\/schema.org","@graph":[{"@type":"WebPage","@id":"https:\/\/guggify.ch\/index.php\/produkt\/chliini-haend-kunz\/","url":"https:\/\/guggify.ch\/index.php\/produkt\/chliini-haend-kunz\/","name":"Chliini H\u00e4nd - Kunz - Guggify","isPartOf":{"@id":"https:\/\/guggify.ch\/#website"},"primaryImageOfPage":{"@id":"https:\/\/guggify.ch\/index.php\/produkt\/chliini-haend-kunz\/#primaryimage"},"image":{"@id":"https:\/\/guggify.ch\/index.php\/produkt\/chliini-haend-kunz\/#primaryimage"},"thumbnailUrl":"https:\/\/guggify.ch\/wp-content\/uploads\/2025\/01\/chlinii_haend_cover.jpg","datePublished":"2025-01-31T15:38:19+00:00","dateModified":"2025-05-15T07:49:45+00:00","description":"\u201eChliini H\u00e4nd\u201c \u2013 ehrlicher Mundart-Pop mit Gef\u00fchl. Abwechslungsreich gesetzt, musikalisch ber\u00fchrend \u2013 perfekt f\u00fcr ruhigere Momente im Gugge-Set.","breadcrumb":{"@id":"https:\/\/guggify.ch\/index.php\/produkt\/chliini-haend-kunz\/#breadcrumb"},"inLanguage":"de-CH","potentialAction":[{"@type":"ReadAction","target":["https:\/\/guggify.ch\/index.php\/produkt\/chliini-haend-kunz\/"]}]},{"@type":"ImageObject","inLanguage":"de-CH","@id":"https:\/\/guggify.ch\/index.php\/produkt\/chliini-haend-kunz\/#primaryimage","url":"https:\/\/guggify.ch\/wp-content\/uploads\/2025\/01\/chlinii_haend_cover.jpg","contentUrl":"https:\/\/guggify.ch\/wp-content\/uploads\/2025\/01\/chlinii_haend_cover.jpg","width":640,"height":640},{"@type":"BreadcrumbList","@id":"https:\/\/guggify.ch\/index.php\/produkt\/chliini-haend-kunz\/#breadcrumb","itemListElement":[{"@type":"ListItem","position":1,"name":"Startseite","item":"https:\/\/guggify.ch\/"},{"@type":"ListItem","position":2,"name":"Lieder","item":"https:\/\/guggify.ch\/index.php\/shop\/"},{"@type":"ListItem","position":3,"name":"Chliini H\u00e4nd &#8211; Kunz"}]},{"@type":"WebSite","@id":"https:\/\/guggify.ch\/#website","url":"https:\/\/guggify.ch\/","name":"Guggify","description":"Guggen-Arrangements &amp; Noten, die bewegen.","publisher":{"@id":"https:\/\/guggify.ch\/#organization"},"potentialAction":[{"@type":"SearchAction","target":{"@type":"EntryPoint","urlTemplate":"https:\/\/guggify.ch\/?s={search_term_string}"},"query-input":{"@type":"PropertyValueSpecification","valueRequired":true,"valueName":"search_term_string"}}],"inLanguage":"de-CH"},{"@type":"Organization","@id":"https:\/\/guggify.ch\/#organization","name":"Guggify","url":"https:\/\/guggify.ch\/","logo":{"@type":"ImageObject","inLanguage":"de-CH","@id":"https:\/\/guggify.ch\/#\/schema\/logo\/image\/","url":"https:\/\/guggify.ch\/wp-content\/uploads\/2025\/01\/DALL_E-2025-01-03-11.40-removebg-preview.png","contentUrl":"https:\/\/guggify.ch\/wp-content\/uploads\/2025\/01\/DALL_E-2025-01-03-11.40-removebg-preview.png","width":500,"height":500,"caption":"Guggify"},"image":{"@id":"https:\/\/guggify.ch\/#\/schema\/logo\/image\/"},"sameAs":["https:\/\/www.youtube.com\/@Guggify-CH"]}]}},"jetpack_sharing_enabled":true,"_links":{"self":[{"href":"https:\/\/guggify.ch\/index.php\/wp-json\/wp\/v2\/product\/154","targetHints":{"allow":["GET"]}}],"collection":[{"href":"https:\/\/guggify.ch\/index.php\/wp-json\/wp\/v2\/product"}],"about":[{"href":"https:\/\/guggify.ch\/index.php\/wp-json\/wp\/v2\/types\/product"}],"replies":[{"embeddable":true,"href":"https:\/\/guggify.ch\/index.php\/wp-json\/wp\/v2\/comments?post=154"}],"wp:featuredmedia":[{"embeddable":true,"href":"https:\/\/guggify.ch\/index.php\/wp-json\/wp\/v2\/media\/155"}],"wp:attachment":[{"href":"https:\/\/guggify.ch\/index.php\/wp-json\/wp\/v2\/media?parent=154"}],"wp:term":[{"taxonomy":"product_brand","embeddable":true,"href":"https:\/\/guggify.ch\/index.php\/wp-json\/wp\/v2\/product_brand?post=154"},{"taxonomy":"product_cat","embeddable":true,"href":"https:\/\/guggify.ch\/index.php\/wp-json\/wp\/v2\/product_cat?post=154"},{"taxonomy":"product_tag","embeddable":true,"href":"https:\/\/guggify.ch\/index.php\/wp-json\/wp\/v2\/product_tag?post=154"}],"curies":[{"name":"wp","href":"https:\/\/api.w.org\/{rel}","templated":true}]}}