{"id":162,"date":"2025-01-31T16:50:07","date_gmt":"2025-01-31T15:50:07","guid":{"rendered":"https:\/\/guggify.ch\/?post_type=product&#038;p=162"},"modified":"2025-05-15T09:24:42","modified_gmt":"2025-05-15T07:24:42","slug":"maniac-michael-sembello","status":"publish","type":"product","link":"https:\/\/guggify.ch\/index.php\/produkt\/maniac-michael-sembello\/","title":{"rendered":"Maniac &#8211; Michael Sembello"},"content":{"rendered":"<p><audio class=\"wp-audio-shortcode\" id=\"audio-162-1\" preload=\"none\" style=\"width: 100%;\" controls=\"controls\"><source type=\"audio\/mpeg\" src=\"https:\/\/guggify.ch\/wp-content\/uploads\/2025\/01\/michael_sembello_maniac.mp3?_=1\" \/><a href=\"https:\/\/guggify.ch\/wp-content\/uploads\/2025\/01\/michael_sembello_maniac.mp3\">https:\/\/guggify.ch\/wp-content\/uploads\/2025\/01\/michael_sembello_maniac.mp3<\/a><\/audio><br \/>\n<iframe style=\"border-radius:12px\" src=\"https:\/\/open.spotify.com\/embed\/track\/0QKfiqpEU4h9ycPSzIFwYe?utm_source=generator\" width=\"100%\" height=\"152\" frameBorder=\"0\" allowfullscreen=\"\" allow=\"autoplay; clipboard-write; encrypted-media; fullscreen; picture-in-picture\" loading=\"lazy\"><\/iframe><\/p>\n<h3>Stimmen<\/h3>\n<p>1 Euphonium, 1-2 Trompete, 1-2 Posaune, 1 Sousaphon, Schlagwerk + Lyra<\/p>\n<h3>Schwierigkeit<\/h3>\n<p>Gesamtschwierigkeit: Mittel (hohe Tonlage f\u00fcr 1. Trompete -&gt; G&quot; und rhythmisch herausfordnernder Refrain mit Off-Beats)<\/p>\n","protected":false},"excerpt":{"rendered":"<p>Mit \u201eManiac\u201c holt man sich 80er-Vibes ins Set \u2013 aber nicht im Softpop-Gewand, sondern als druckvolles, rockiges Guggenbrett. Die treibende Energie des Originals bleibt erhalten, bekommt aber durch das Arrangement mehr Wucht.<\/p>\n<p>Musikalisch hat das St\u00fcck einiges zu bieten: Im Refrain sorgen Offbeats und rhythmische Verschiebungen f\u00fcr den n\u00f6tigen Kick \u2013 hier ist gutes Zusammenspiel gefragt. Die erste Trompete darf in der oberen Lage gl\u00e4nzen, was das St\u00fcck musikalisch spannend und klanglich kraftvoll macht. Ein super Titel f\u00fcr Guggen, die gerne Gas geben, aber auch musikalisch ein bisschen Anspruch suchen.<\/p>\n","protected":false},"featured_media":163,"comment_status":"open","ping_status":"closed","template":"","meta":[],"product_brand":[],"product_cat":[15],"product_tag":[],"class_list":{"0":"post-162","1":"product","2":"type-product","3":"status-publish","4":"has-post-thumbnail","6":"product_cat-unkategorisiert","8":"first","9":"instock","10":"downloadable","11":"virtual","12":"purchasable","13":"product-type-simple"},"yoast_head":"<!-- This site is optimized with the Yoast SEO plugin v26.6 - https:\/\/yoast.com\/wordpress\/plugins\/seo\/ -->\n<title>Maniac - Michael Sembello - Guggify<\/title>\n<meta name=\"description\" content=\"\u201eManiac\u201c kommt im rockigen Gewand \u2013 druckvoll, rhythmisch spannend und mit ordentlich Zug in der oberen Lage. Ein energiegeladener 80er-Hit f\u00fcr Guggen.\" \/>\n<meta name=\"robots\" content=\"index, follow, max-snippet:-1, max-image-preview:large, max-video-preview:-1\" \/>\n<link rel=\"canonical\" href=\"https:\/\/guggify.ch\/index.php\/produkt\/maniac-michael-sembello\/\" \/>\n<meta property=\"og:locale\" content=\"de_DE\" \/>\n<meta property=\"og:type\" content=\"article\" \/>\n<meta property=\"og:title\" content=\"Maniac - Michael Sembello - Guggify\" \/>\n<meta property=\"og:description\" content=\"\u201eManiac\u201c kommt im rockigen Gewand \u2013 druckvoll, rhythmisch spannend und mit ordentlich Zug in der oberen Lage. Ein energiegeladener 80er-Hit f\u00fcr Guggen.\" \/>\n<meta property=\"og:url\" content=\"https:\/\/guggify.ch\/index.php\/produkt\/maniac-michael-sembello\/\" \/>\n<meta property=\"og:site_name\" content=\"Guggify\" \/>\n<meta property=\"article:modified_time\" content=\"2025-05-15T07:24:42+00:00\" \/>\n<meta property=\"og:image\" content=\"https:\/\/guggify.ch\/wp-content\/uploads\/2025\/01\/maniac_cover.jpg\" \/>\n\t<meta property=\"og:image:width\" content=\"225\" \/>\n\t<meta property=\"og:image:height\" content=\"225\" \/>\n\t<meta property=\"og:image:type\" content=\"image\/jpeg\" \/>\n<meta name=\"twitter:card\" content=\"summary_large_image\" \/>\n<meta name=\"twitter:label1\" content=\"Gesch\u00e4tzte Lesezeit\" \/>\n\t<meta name=\"twitter:data1\" content=\"1\u00a0Minute\" \/>\n<script type=\"application\/ld+json\" class=\"yoast-schema-graph\">{\"@context\":\"https:\/\/schema.org\",\"@graph\":[{\"@type\":\"WebPage\",\"@id\":\"https:\/\/guggify.ch\/index.php\/produkt\/maniac-michael-sembello\/\",\"url\":\"https:\/\/guggify.ch\/index.php\/produkt\/maniac-michael-sembello\/\",\"name\":\"Maniac - Michael Sembello - Guggify\",\"isPartOf\":{\"@id\":\"https:\/\/guggify.ch\/#website\"},\"primaryImageOfPage\":{\"@id\":\"https:\/\/guggify.ch\/index.php\/produkt\/maniac-michael-sembello\/#primaryimage\"},\"image\":{\"@id\":\"https:\/\/guggify.ch\/index.php\/produkt\/maniac-michael-sembello\/#primaryimage\"},\"thumbnailUrl\":\"https:\/\/guggify.ch\/wp-content\/uploads\/2025\/01\/maniac_cover.jpg\",\"datePublished\":\"2025-01-31T15:50:07+00:00\",\"dateModified\":\"2025-05-15T07:24:42+00:00\",\"description\":\"\u201eManiac\u201c kommt im rockigen Gewand \u2013 druckvoll, rhythmisch spannend und mit ordentlich Zug in der oberen Lage. Ein energiegeladener 80er-Hit f\u00fcr Guggen.\",\"breadcrumb\":{\"@id\":\"https:\/\/guggify.ch\/index.php\/produkt\/maniac-michael-sembello\/#breadcrumb\"},\"inLanguage\":\"de-CH\",\"potentialAction\":[{\"@type\":\"ReadAction\",\"target\":[\"https:\/\/guggify.ch\/index.php\/produkt\/maniac-michael-sembello\/\"]}]},{\"@type\":\"ImageObject\",\"inLanguage\":\"de-CH\",\"@id\":\"https:\/\/guggify.ch\/index.php\/produkt\/maniac-michael-sembello\/#primaryimage\",\"url\":\"https:\/\/guggify.ch\/wp-content\/uploads\/2025\/01\/maniac_cover.jpg\",\"contentUrl\":\"https:\/\/guggify.ch\/wp-content\/uploads\/2025\/01\/maniac_cover.jpg\",\"width\":225,\"height\":225},{\"@type\":\"BreadcrumbList\",\"@id\":\"https:\/\/guggify.ch\/index.php\/produkt\/maniac-michael-sembello\/#breadcrumb\",\"itemListElement\":[{\"@type\":\"ListItem\",\"position\":1,\"name\":\"Startseite\",\"item\":\"https:\/\/guggify.ch\/\"},{\"@type\":\"ListItem\",\"position\":2,\"name\":\"Lieder\",\"item\":\"https:\/\/guggify.ch\/index.php\/shop\/\"},{\"@type\":\"ListItem\",\"position\":3,\"name\":\"Maniac &#8211; Michael Sembello\"}]},{\"@type\":\"WebSite\",\"@id\":\"https:\/\/guggify.ch\/#website\",\"url\":\"https:\/\/guggify.ch\/\",\"name\":\"Guggify\",\"description\":\"Guggen-Arrangements &amp; Noten, die bewegen.\",\"publisher\":{\"@id\":\"https:\/\/guggify.ch\/#organization\"},\"potentialAction\":[{\"@type\":\"SearchAction\",\"target\":{\"@type\":\"EntryPoint\",\"urlTemplate\":\"https:\/\/guggify.ch\/?s={search_term_string}\"},\"query-input\":{\"@type\":\"PropertyValueSpecification\",\"valueRequired\":true,\"valueName\":\"search_term_string\"}}],\"inLanguage\":\"de-CH\"},{\"@type\":\"Organization\",\"@id\":\"https:\/\/guggify.ch\/#organization\",\"name\":\"Guggify\",\"url\":\"https:\/\/guggify.ch\/\",\"logo\":{\"@type\":\"ImageObject\",\"inLanguage\":\"de-CH\",\"@id\":\"https:\/\/guggify.ch\/#\/schema\/logo\/image\/\",\"url\":\"https:\/\/guggify.ch\/wp-content\/uploads\/2025\/01\/DALL_E-2025-01-03-11.40-removebg-preview.png\",\"contentUrl\":\"https:\/\/guggify.ch\/wp-content\/uploads\/2025\/01\/DALL_E-2025-01-03-11.40-removebg-preview.png\",\"width\":500,\"height\":500,\"caption\":\"Guggify\"},\"image\":{\"@id\":\"https:\/\/guggify.ch\/#\/schema\/logo\/image\/\"},\"sameAs\":[\"https:\/\/www.youtube.com\/@Guggify-CH\"]}]}<\/script>\n<!-- \/ Yoast SEO plugin. -->","yoast_head_json":{"title":"Maniac - Michael Sembello - Guggify","description":"\u201eManiac\u201c kommt im rockigen Gewand \u2013 druckvoll, rhythmisch spannend und mit ordentlich Zug in der oberen Lage. Ein energiegeladener 80er-Hit f\u00fcr Guggen.","robots":{"index":"index","follow":"follow","max-snippet":"max-snippet:-1","max-image-preview":"max-image-preview:large","max-video-preview":"max-video-preview:-1"},"canonical":"https:\/\/guggify.ch\/index.php\/produkt\/maniac-michael-sembello\/","og_locale":"de_DE","og_type":"article","og_title":"Maniac - Michael Sembello - Guggify","og_description":"\u201eManiac\u201c kommt im rockigen Gewand \u2013 druckvoll, rhythmisch spannend und mit ordentlich Zug in der oberen Lage. Ein energiegeladener 80er-Hit f\u00fcr Guggen.","og_url":"https:\/\/guggify.ch\/index.php\/produkt\/maniac-michael-sembello\/","og_site_name":"Guggify","article_modified_time":"2025-05-15T07:24:42+00:00","og_image":[{"width":225,"height":225,"url":"https:\/\/guggify.ch\/wp-content\/uploads\/2025\/01\/maniac_cover.jpg","type":"image\/jpeg"}],"twitter_card":"summary_large_image","twitter_misc":{"Gesch\u00e4tzte Lesezeit":"1\u00a0Minute"},"schema":{"@context":"https:\/\/schema.org","@graph":[{"@type":"WebPage","@id":"https:\/\/guggify.ch\/index.php\/produkt\/maniac-michael-sembello\/","url":"https:\/\/guggify.ch\/index.php\/produkt\/maniac-michael-sembello\/","name":"Maniac - Michael Sembello - Guggify","isPartOf":{"@id":"https:\/\/guggify.ch\/#website"},"primaryImageOfPage":{"@id":"https:\/\/guggify.ch\/index.php\/produkt\/maniac-michael-sembello\/#primaryimage"},"image":{"@id":"https:\/\/guggify.ch\/index.php\/produkt\/maniac-michael-sembello\/#primaryimage"},"thumbnailUrl":"https:\/\/guggify.ch\/wp-content\/uploads\/2025\/01\/maniac_cover.jpg","datePublished":"2025-01-31T15:50:07+00:00","dateModified":"2025-05-15T07:24:42+00:00","description":"\u201eManiac\u201c kommt im rockigen Gewand \u2013 druckvoll, rhythmisch spannend und mit ordentlich Zug in der oberen Lage. Ein energiegeladener 80er-Hit f\u00fcr Guggen.","breadcrumb":{"@id":"https:\/\/guggify.ch\/index.php\/produkt\/maniac-michael-sembello\/#breadcrumb"},"inLanguage":"de-CH","potentialAction":[{"@type":"ReadAction","target":["https:\/\/guggify.ch\/index.php\/produkt\/maniac-michael-sembello\/"]}]},{"@type":"ImageObject","inLanguage":"de-CH","@id":"https:\/\/guggify.ch\/index.php\/produkt\/maniac-michael-sembello\/#primaryimage","url":"https:\/\/guggify.ch\/wp-content\/uploads\/2025\/01\/maniac_cover.jpg","contentUrl":"https:\/\/guggify.ch\/wp-content\/uploads\/2025\/01\/maniac_cover.jpg","width":225,"height":225},{"@type":"BreadcrumbList","@id":"https:\/\/guggify.ch\/index.php\/produkt\/maniac-michael-sembello\/#breadcrumb","itemListElement":[{"@type":"ListItem","position":1,"name":"Startseite","item":"https:\/\/guggify.ch\/"},{"@type":"ListItem","position":2,"name":"Lieder","item":"https:\/\/guggify.ch\/index.php\/shop\/"},{"@type":"ListItem","position":3,"name":"Maniac &#8211; Michael Sembello"}]},{"@type":"WebSite","@id":"https:\/\/guggify.ch\/#website","url":"https:\/\/guggify.ch\/","name":"Guggify","description":"Guggen-Arrangements &amp; Noten, die bewegen.","publisher":{"@id":"https:\/\/guggify.ch\/#organization"},"potentialAction":[{"@type":"SearchAction","target":{"@type":"EntryPoint","urlTemplate":"https:\/\/guggify.ch\/?s={search_term_string}"},"query-input":{"@type":"PropertyValueSpecification","valueRequired":true,"valueName":"search_term_string"}}],"inLanguage":"de-CH"},{"@type":"Organization","@id":"https:\/\/guggify.ch\/#organization","name":"Guggify","url":"https:\/\/guggify.ch\/","logo":{"@type":"ImageObject","inLanguage":"de-CH","@id":"https:\/\/guggify.ch\/#\/schema\/logo\/image\/","url":"https:\/\/guggify.ch\/wp-content\/uploads\/2025\/01\/DALL_E-2025-01-03-11.40-removebg-preview.png","contentUrl":"https:\/\/guggify.ch\/wp-content\/uploads\/2025\/01\/DALL_E-2025-01-03-11.40-removebg-preview.png","width":500,"height":500,"caption":"Guggify"},"image":{"@id":"https:\/\/guggify.ch\/#\/schema\/logo\/image\/"},"sameAs":["https:\/\/www.youtube.com\/@Guggify-CH"]}]}},"jetpack_sharing_enabled":true,"_links":{"self":[{"href":"https:\/\/guggify.ch\/index.php\/wp-json\/wp\/v2\/product\/162","targetHints":{"allow":["GET"]}}],"collection":[{"href":"https:\/\/guggify.ch\/index.php\/wp-json\/wp\/v2\/product"}],"about":[{"href":"https:\/\/guggify.ch\/index.php\/wp-json\/wp\/v2\/types\/product"}],"replies":[{"embeddable":true,"href":"https:\/\/guggify.ch\/index.php\/wp-json\/wp\/v2\/comments?post=162"}],"wp:featuredmedia":[{"embeddable":true,"href":"https:\/\/guggify.ch\/index.php\/wp-json\/wp\/v2\/media\/163"}],"wp:attachment":[{"href":"https:\/\/guggify.ch\/index.php\/wp-json\/wp\/v2\/media?parent=162"}],"wp:term":[{"taxonomy":"product_brand","embeddable":true,"href":"https:\/\/guggify.ch\/index.php\/wp-json\/wp\/v2\/product_brand?post=162"},{"taxonomy":"product_cat","embeddable":true,"href":"https:\/\/guggify.ch\/index.php\/wp-json\/wp\/v2\/product_cat?post=162"},{"taxonomy":"product_tag","embeddable":true,"href":"https:\/\/guggify.ch\/index.php\/wp-json\/wp\/v2\/product_tag?post=162"}],"curies":[{"name":"wp","href":"https:\/\/api.w.org\/{rel}","templated":true}]}}