{"id":164,"date":"2025-01-31T16:55:51","date_gmt":"2025-01-31T15:55:51","guid":{"rendered":"https:\/\/guggify.ch\/?post_type=product&#038;p=164"},"modified":"2025-07-01T00:02:20","modified_gmt":"2025-06-30T22:02:20","slug":"vamos-a-la-playa-everytime-we-touch-nessaja-turbo-medley","status":"publish","type":"product","link":"https:\/\/guggify.ch\/index.php\/produkt\/vamos-a-la-playa-everytime-we-touch-nessaja-turbo-medley\/","title":{"rendered":"Vamos a la playa &#8211; Everytime we touch &#8211; Nessaja &#8211; Turbo &#8211; Medley"},"content":{"rendered":"<p><audio class=\"wp-audio-shortcode\" id=\"audio-164-1\" preload=\"none\" style=\"width: 100%;\" controls=\"controls\"><source type=\"audio\/mpeg\" src=\"https:\/\/guggify.ch\/wp-content\/uploads\/2025\/01\/party_medley.mp3?_=1\" \/><a href=\"https:\/\/guggify.ch\/wp-content\/uploads\/2025\/01\/party_medley.mp3\">https:\/\/guggify.ch\/wp-content\/uploads\/2025\/01\/party_medley.mp3<\/a><\/audio><br \/>\n<iframe style=\"border-radius:12px\" src=\"https:\/\/open.spotify.com\/embed\/track\/2Tk5B1h58lJRsrivGg1jaE?utm_source=generator\" width=\"100%\" height=\"152\" frameBorder=\"0\" allowfullscreen=\"\" allow=\"autoplay; clipboard-write; encrypted-media; fullscreen; picture-in-picture\" loading=\"lazy\"><\/iframe><br \/>\n<iframe style=\"border-radius:12px\" src=\"https:\/\/open.spotify.com\/embed\/track\/5aEqcblO0Z6JloFJXtxyhe?utm_source=generator\" width=\"100%\" height=\"152\" frameBorder=\"0\" allowfullscreen=\"\" allow=\"autoplay; clipboard-write; encrypted-media; fullscreen; picture-in-picture\" loading=\"lazy\"><\/iframe><br \/>\n<iframe style=\"border-radius:12px\" src=\"https:\/\/open.spotify.com\/embed\/track\/5RGiyzMQrBQQwMRid7SE65?utm_source=generator\" width=\"100%\" height=\"152\" frameBorder=\"0\" allowfullscreen=\"\" allow=\"autoplay; clipboard-write; encrypted-media; fullscreen; picture-in-picture\" loading=\"lazy\"><\/iframe><br \/>\n<iframe style=\"border-radius:12px\" src=\"https:\/\/open.spotify.com\/embed\/track\/3hlgTuy3fa9xQM48rOLofD?utm_source=generator\" width=\"100%\" height=\"152\" frameBorder=\"0\" allowfullscreen=\"\" allow=\"autoplay; clipboard-write; encrypted-media; fullscreen; picture-in-picture\" loading=\"lazy\"><\/iframe><\/p>\n<h3>Stimmen<\/h3>\n<p>1 Euphonium, 1-2 Trompete, 1-2 Posaune, 1 Sousaphon, Schlagwerk + Lyra<\/p>\n<h3>Schwierigkeit<\/h3>\n<p>Gesamtschwierigkeit: Grunds\u00e4tzlich einfach zu spielen aber fordert ein wenig durch Tempowechsel und Dynamik<\/p>\n","protected":false},"excerpt":{"rendered":"<p>Dieses Medley ist ein echter Stimmungs-Booster: Mit \u201eVamos a la playa\u201c, \u201eEverytime We Touch\u201c, \u201eNessaja\u201c und \u201eTurbo\u201c treffen vier bekannte Ohrw\u00fcrmer aufeinander und verschmelzen zu einem energiegeladenen Party-Mix, der kaum jemanden stillstehen l\u00e4sst. Die \u00dcberg\u00e4nge sind musikalisch sauber gebaut, mit clever gesetzten Tempowechseln, die das Ganze spannend und abwechslungsreich halten und ein bisschen Konzentration fordern.<\/p>\n<p>Das Arrangement bietet alles, was ein Guggenherz begehrt: fette Sounds, mitreissende Melodien, tanzbare Grooves und genug Druck. Ideal f\u00fcr Gruppen, die ihr Publikum zum Mitsingen und Mitfeiern bringen wollen.<\/p>\n","protected":false},"featured_media":165,"comment_status":"open","ping_status":"closed","template":"","meta":[],"product_brand":[],"product_cat":[15],"product_tag":[],"class_list":{"0":"post-164","1":"product","2":"type-product","3":"status-publish","4":"has-post-thumbnail","6":"product_cat-unkategorisiert","8":"first","9":"instock","10":"featured","11":"downloadable","12":"virtual","13":"purchasable","14":"product-type-simple"},"yoast_head":"<!-- This site is optimized with the Yoast SEO plugin v26.6 - https:\/\/yoast.com\/wordpress\/plugins\/seo\/ -->\n<title>Vamos a la playa - Everytime we touch - Nessaja - Turbo - Medley - Guggify<\/title>\n<meta name=\"description\" content=\"Vier Hits, ein Ziel: Party! Dieses Medley bringt Tempo, Stimmung und bekannte Melodien \u2013 ideal f\u00fcr Guggen, die das Fest zum Kochen bringen wollen.\" \/>\n<meta name=\"robots\" content=\"index, follow, max-snippet:-1, max-image-preview:large, max-video-preview:-1\" \/>\n<link rel=\"canonical\" href=\"https:\/\/guggify.ch\/index.php\/produkt\/vamos-a-la-playa-everytime-we-touch-nessaja-turbo-medley\/\" \/>\n<meta property=\"og:locale\" content=\"de_DE\" \/>\n<meta property=\"og:type\" content=\"article\" \/>\n<meta property=\"og:title\" content=\"Vamos a la playa - Everytime we touch - Nessaja - Turbo - Medley - Guggify\" \/>\n<meta property=\"og:description\" content=\"Vier Hits, ein Ziel: Party! Dieses Medley bringt Tempo, Stimmung und bekannte Melodien \u2013 ideal f\u00fcr Guggen, die das Fest zum Kochen bringen wollen.\" \/>\n<meta property=\"og:url\" content=\"https:\/\/guggify.ch\/index.php\/produkt\/vamos-a-la-playa-everytime-we-touch-nessaja-turbo-medley\/\" \/>\n<meta property=\"og:site_name\" content=\"Guggify\" \/>\n<meta property=\"article:modified_time\" content=\"2025-06-30T22:02:20+00:00\" \/>\n<meta property=\"og:image\" content=\"https:\/\/guggify.ch\/wp-content\/uploads\/2025\/01\/medley_cover.jpg\" \/>\n\t<meta property=\"og:image:width\" content=\"225\" \/>\n\t<meta property=\"og:image:height\" content=\"225\" \/>\n\t<meta property=\"og:image:type\" content=\"image\/jpeg\" \/>\n<meta name=\"twitter:card\" content=\"summary_large_image\" \/>\n<meta name=\"twitter:label1\" content=\"Gesch\u00e4tzte Lesezeit\" \/>\n\t<meta name=\"twitter:data1\" content=\"1\u00a0Minute\" \/>\n<script type=\"application\/ld+json\" class=\"yoast-schema-graph\">{\"@context\":\"https:\/\/schema.org\",\"@graph\":[{\"@type\":\"WebPage\",\"@id\":\"https:\/\/guggify.ch\/index.php\/produkt\/vamos-a-la-playa-everytime-we-touch-nessaja-turbo-medley\/\",\"url\":\"https:\/\/guggify.ch\/index.php\/produkt\/vamos-a-la-playa-everytime-we-touch-nessaja-turbo-medley\/\",\"name\":\"Vamos a la playa - Everytime we touch - Nessaja - Turbo - Medley - Guggify\",\"isPartOf\":{\"@id\":\"https:\/\/guggify.ch\/#website\"},\"primaryImageOfPage\":{\"@id\":\"https:\/\/guggify.ch\/index.php\/produkt\/vamos-a-la-playa-everytime-we-touch-nessaja-turbo-medley\/#primaryimage\"},\"image\":{\"@id\":\"https:\/\/guggify.ch\/index.php\/produkt\/vamos-a-la-playa-everytime-we-touch-nessaja-turbo-medley\/#primaryimage\"},\"thumbnailUrl\":\"https:\/\/guggify.ch\/wp-content\/uploads\/2025\/01\/medley_cover.jpg\",\"datePublished\":\"2025-01-31T15:55:51+00:00\",\"dateModified\":\"2025-06-30T22:02:20+00:00\",\"description\":\"Vier Hits, ein Ziel: Party! Dieses Medley bringt Tempo, Stimmung und bekannte Melodien \u2013 ideal f\u00fcr Guggen, die das Fest zum Kochen bringen wollen.\",\"breadcrumb\":{\"@id\":\"https:\/\/guggify.ch\/index.php\/produkt\/vamos-a-la-playa-everytime-we-touch-nessaja-turbo-medley\/#breadcrumb\"},\"inLanguage\":\"de-CH\",\"potentialAction\":[{\"@type\":\"ReadAction\",\"target\":[\"https:\/\/guggify.ch\/index.php\/produkt\/vamos-a-la-playa-everytime-we-touch-nessaja-turbo-medley\/\"]}]},{\"@type\":\"ImageObject\",\"inLanguage\":\"de-CH\",\"@id\":\"https:\/\/guggify.ch\/index.php\/produkt\/vamos-a-la-playa-everytime-we-touch-nessaja-turbo-medley\/#primaryimage\",\"url\":\"https:\/\/guggify.ch\/wp-content\/uploads\/2025\/01\/medley_cover.jpg\",\"contentUrl\":\"https:\/\/guggify.ch\/wp-content\/uploads\/2025\/01\/medley_cover.jpg\",\"width\":225,\"height\":225},{\"@type\":\"BreadcrumbList\",\"@id\":\"https:\/\/guggify.ch\/index.php\/produkt\/vamos-a-la-playa-everytime-we-touch-nessaja-turbo-medley\/#breadcrumb\",\"itemListElement\":[{\"@type\":\"ListItem\",\"position\":1,\"name\":\"Startseite\",\"item\":\"https:\/\/guggify.ch\/\"},{\"@type\":\"ListItem\",\"position\":2,\"name\":\"Lieder\",\"item\":\"https:\/\/guggify.ch\/index.php\/shop\/\"},{\"@type\":\"ListItem\",\"position\":3,\"name\":\"Vamos a la playa &#8211; Everytime we touch &#8211; Nessaja &#8211; Turbo &#8211; Medley\"}]},{\"@type\":\"WebSite\",\"@id\":\"https:\/\/guggify.ch\/#website\",\"url\":\"https:\/\/guggify.ch\/\",\"name\":\"Guggify\",\"description\":\"Guggen-Arrangements &amp; Noten, die bewegen.\",\"publisher\":{\"@id\":\"https:\/\/guggify.ch\/#organization\"},\"potentialAction\":[{\"@type\":\"SearchAction\",\"target\":{\"@type\":\"EntryPoint\",\"urlTemplate\":\"https:\/\/guggify.ch\/?s={search_term_string}\"},\"query-input\":{\"@type\":\"PropertyValueSpecification\",\"valueRequired\":true,\"valueName\":\"search_term_string\"}}],\"inLanguage\":\"de-CH\"},{\"@type\":\"Organization\",\"@id\":\"https:\/\/guggify.ch\/#organization\",\"name\":\"Guggify\",\"url\":\"https:\/\/guggify.ch\/\",\"logo\":{\"@type\":\"ImageObject\",\"inLanguage\":\"de-CH\",\"@id\":\"https:\/\/guggify.ch\/#\/schema\/logo\/image\/\",\"url\":\"https:\/\/guggify.ch\/wp-content\/uploads\/2025\/01\/DALL_E-2025-01-03-11.40-removebg-preview.png\",\"contentUrl\":\"https:\/\/guggify.ch\/wp-content\/uploads\/2025\/01\/DALL_E-2025-01-03-11.40-removebg-preview.png\",\"width\":500,\"height\":500,\"caption\":\"Guggify\"},\"image\":{\"@id\":\"https:\/\/guggify.ch\/#\/schema\/logo\/image\/\"},\"sameAs\":[\"https:\/\/www.youtube.com\/@Guggify-CH\"]}]}<\/script>\n<!-- \/ Yoast SEO plugin. -->","yoast_head_json":{"title":"Vamos a la playa - Everytime we touch - Nessaja - Turbo - Medley - Guggify","description":"Vier Hits, ein Ziel: Party! Dieses Medley bringt Tempo, Stimmung und bekannte Melodien \u2013 ideal f\u00fcr Guggen, die das Fest zum Kochen bringen wollen.","robots":{"index":"index","follow":"follow","max-snippet":"max-snippet:-1","max-image-preview":"max-image-preview:large","max-video-preview":"max-video-preview:-1"},"canonical":"https:\/\/guggify.ch\/index.php\/produkt\/vamos-a-la-playa-everytime-we-touch-nessaja-turbo-medley\/","og_locale":"de_DE","og_type":"article","og_title":"Vamos a la playa - Everytime we touch - Nessaja - Turbo - Medley - Guggify","og_description":"Vier Hits, ein Ziel: Party! Dieses Medley bringt Tempo, Stimmung und bekannte Melodien \u2013 ideal f\u00fcr Guggen, die das Fest zum Kochen bringen wollen.","og_url":"https:\/\/guggify.ch\/index.php\/produkt\/vamos-a-la-playa-everytime-we-touch-nessaja-turbo-medley\/","og_site_name":"Guggify","article_modified_time":"2025-06-30T22:02:20+00:00","og_image":[{"width":225,"height":225,"url":"https:\/\/guggify.ch\/wp-content\/uploads\/2025\/01\/medley_cover.jpg","type":"image\/jpeg"}],"twitter_card":"summary_large_image","twitter_misc":{"Gesch\u00e4tzte Lesezeit":"1\u00a0Minute"},"schema":{"@context":"https:\/\/schema.org","@graph":[{"@type":"WebPage","@id":"https:\/\/guggify.ch\/index.php\/produkt\/vamos-a-la-playa-everytime-we-touch-nessaja-turbo-medley\/","url":"https:\/\/guggify.ch\/index.php\/produkt\/vamos-a-la-playa-everytime-we-touch-nessaja-turbo-medley\/","name":"Vamos a la playa - Everytime we touch - Nessaja - Turbo - Medley - Guggify","isPartOf":{"@id":"https:\/\/guggify.ch\/#website"},"primaryImageOfPage":{"@id":"https:\/\/guggify.ch\/index.php\/produkt\/vamos-a-la-playa-everytime-we-touch-nessaja-turbo-medley\/#primaryimage"},"image":{"@id":"https:\/\/guggify.ch\/index.php\/produkt\/vamos-a-la-playa-everytime-we-touch-nessaja-turbo-medley\/#primaryimage"},"thumbnailUrl":"https:\/\/guggify.ch\/wp-content\/uploads\/2025\/01\/medley_cover.jpg","datePublished":"2025-01-31T15:55:51+00:00","dateModified":"2025-06-30T22:02:20+00:00","description":"Vier Hits, ein Ziel: Party! Dieses Medley bringt Tempo, Stimmung und bekannte Melodien \u2013 ideal f\u00fcr Guggen, die das Fest zum Kochen bringen wollen.","breadcrumb":{"@id":"https:\/\/guggify.ch\/index.php\/produkt\/vamos-a-la-playa-everytime-we-touch-nessaja-turbo-medley\/#breadcrumb"},"inLanguage":"de-CH","potentialAction":[{"@type":"ReadAction","target":["https:\/\/guggify.ch\/index.php\/produkt\/vamos-a-la-playa-everytime-we-touch-nessaja-turbo-medley\/"]}]},{"@type":"ImageObject","inLanguage":"de-CH","@id":"https:\/\/guggify.ch\/index.php\/produkt\/vamos-a-la-playa-everytime-we-touch-nessaja-turbo-medley\/#primaryimage","url":"https:\/\/guggify.ch\/wp-content\/uploads\/2025\/01\/medley_cover.jpg","contentUrl":"https:\/\/guggify.ch\/wp-content\/uploads\/2025\/01\/medley_cover.jpg","width":225,"height":225},{"@type":"BreadcrumbList","@id":"https:\/\/guggify.ch\/index.php\/produkt\/vamos-a-la-playa-everytime-we-touch-nessaja-turbo-medley\/#breadcrumb","itemListElement":[{"@type":"ListItem","position":1,"name":"Startseite","item":"https:\/\/guggify.ch\/"},{"@type":"ListItem","position":2,"name":"Lieder","item":"https:\/\/guggify.ch\/index.php\/shop\/"},{"@type":"ListItem","position":3,"name":"Vamos a la playa &#8211; Everytime we touch &#8211; Nessaja &#8211; Turbo &#8211; Medley"}]},{"@type":"WebSite","@id":"https:\/\/guggify.ch\/#website","url":"https:\/\/guggify.ch\/","name":"Guggify","description":"Guggen-Arrangements &amp; Noten, die bewegen.","publisher":{"@id":"https:\/\/guggify.ch\/#organization"},"potentialAction":[{"@type":"SearchAction","target":{"@type":"EntryPoint","urlTemplate":"https:\/\/guggify.ch\/?s={search_term_string}"},"query-input":{"@type":"PropertyValueSpecification","valueRequired":true,"valueName":"search_term_string"}}],"inLanguage":"de-CH"},{"@type":"Organization","@id":"https:\/\/guggify.ch\/#organization","name":"Guggify","url":"https:\/\/guggify.ch\/","logo":{"@type":"ImageObject","inLanguage":"de-CH","@id":"https:\/\/guggify.ch\/#\/schema\/logo\/image\/","url":"https:\/\/guggify.ch\/wp-content\/uploads\/2025\/01\/DALL_E-2025-01-03-11.40-removebg-preview.png","contentUrl":"https:\/\/guggify.ch\/wp-content\/uploads\/2025\/01\/DALL_E-2025-01-03-11.40-removebg-preview.png","width":500,"height":500,"caption":"Guggify"},"image":{"@id":"https:\/\/guggify.ch\/#\/schema\/logo\/image\/"},"sameAs":["https:\/\/www.youtube.com\/@Guggify-CH"]}]}},"jetpack_sharing_enabled":true,"_links":{"self":[{"href":"https:\/\/guggify.ch\/index.php\/wp-json\/wp\/v2\/product\/164","targetHints":{"allow":["GET"]}}],"collection":[{"href":"https:\/\/guggify.ch\/index.php\/wp-json\/wp\/v2\/product"}],"about":[{"href":"https:\/\/guggify.ch\/index.php\/wp-json\/wp\/v2\/types\/product"}],"replies":[{"embeddable":true,"href":"https:\/\/guggify.ch\/index.php\/wp-json\/wp\/v2\/comments?post=164"}],"wp:featuredmedia":[{"embeddable":true,"href":"https:\/\/guggify.ch\/index.php\/wp-json\/wp\/v2\/media\/165"}],"wp:attachment":[{"href":"https:\/\/guggify.ch\/index.php\/wp-json\/wp\/v2\/media?parent=164"}],"wp:term":[{"taxonomy":"product_brand","embeddable":true,"href":"https:\/\/guggify.ch\/index.php\/wp-json\/wp\/v2\/product_brand?post=164"},{"taxonomy":"product_cat","embeddable":true,"href":"https:\/\/guggify.ch\/index.php\/wp-json\/wp\/v2\/product_cat?post=164"},{"taxonomy":"product_tag","embeddable":true,"href":"https:\/\/guggify.ch\/index.php\/wp-json\/wp\/v2\/product_tag?post=164"}],"curies":[{"name":"wp","href":"https:\/\/api.w.org\/{rel}","templated":true}]}}