{"id":166,"date":"2025-01-31T16:58:33","date_gmt":"2025-01-31T15:58:33","guid":{"rendered":"https:\/\/guggify.ch\/?post_type=product&#038;p=166"},"modified":"2025-05-10T12:05:21","modified_gmt":"2025-05-10T10:05:21","slug":"under-alex-hepburn","status":"publish","type":"product","link":"https:\/\/guggify.ch\/index.php\/produkt\/under-alex-hepburn\/","title":{"rendered":"Under &#8211; Alex Hepburn"},"content":{"rendered":"<audio class=\"wp-audio-shortcode\" id=\"audio-166-1\" preload=\"none\" style=\"width: 100%;\" controls=\"controls\"><source type=\"audio\/mpeg\" src=\"https:\/\/guggify.ch\/wp-content\/uploads\/2025\/01\/alex_hepburn_under_preview.mp3?_=1\" \/><a href=\"https:\/\/guggify.ch\/wp-content\/uploads\/2025\/01\/alex_hepburn_under_preview.mp3\">https:\/\/guggify.ch\/wp-content\/uploads\/2025\/01\/alex_hepburn_under_preview.mp3<\/a><\/audio>\n<p><iframe style=\"border-radius: 12px;\" src=\"https:\/\/open.spotify.com\/embed\/track\/39wVfCtaRAL6qCecrPQpo0?utm_source=generator\" width=\"100%\" height=\"152\" frameborder=\"0\" allowfullscreen=\"allowfullscreen\"><\/iframe><\/p>\n<h3>Stimmen<\/h3>\n<p>1 Euphonium, 1-2 Trompete, 1-2 Posaune, 1 Sousaphon, Schlagwerk + Lyra<\/p>\n<h3>Schwierigkeit<\/h3>\n<p>Gesamtschwierigkeit: Mittel (hohe Tonlage f\u00fcr 1. Trompete und Posaune -&gt; G&quot; und ein paar rhythmische Herausforderungen)<\/p>\n","protected":false},"excerpt":{"rendered":"<p>Mit \u201eUnder\u201c von Alex Hepburn kommt ein moderner Popsong ins Guggen-Set, der richtig unter die Haut geht \u2013 aber mit Schub! Die eing\u00e4ngige Melodie trifft auf eine fette Soundwand, die in der Guggenversion so richtig sch\u00f6n tr\u00e4gt. Das Arrangement bringt ordentlich Volumen, lebt aber auch von ein paar rhythmischen Kniffen, die f\u00fcr Spannung sorgen \u2013 gerade in der Begleitung.<\/p>\n<p>F\u00fcr die erste Trompete und Posaune ist die Tonlage regelm\u00e4ssig relativ hoch (e&#187;- g&#187;), was dem Ganzen eine gewisse Klasse verleiht. Ideal f\u00fcr Guggen, die musikalisch was bieten wollen, ohne dass es an Guggentypischer intensit\u00e4t verliert. Der Song funktioniert hervorragend als m\u00e4chtiger Einstieg oder auch als Kontrast zu ruhigeren Liedern.<\/p>\n","protected":false},"featured_media":167,"comment_status":"open","ping_status":"closed","template":"","meta":[],"product_brand":[],"product_cat":[15],"product_tag":[],"class_list":{"0":"post-166","1":"product","2":"type-product","3":"status-publish","4":"has-post-thumbnail","6":"product_cat-unkategorisiert","8":"first","9":"instock","10":"featured","11":"downloadable","12":"virtual","13":"purchasable","14":"product-type-simple"},"yoast_head":"<!-- This site is optimized with the Yoast SEO plugin v26.6 - https:\/\/yoast.com\/wordpress\/plugins\/seo\/ -->\n<title>Under - Alex Hepburn - Guggify<\/title>\n<meta name=\"description\" content=\"Pop mit Wucht: eing\u00e4ngige Melodie, satte Kl\u00e4nge und rhythmischer Pfiff \u2013 perfekt f\u00fcr Guggen, die Druck machen und trotzdem musikalisch gl\u00e4nzen wollen.\" \/>\n<meta name=\"robots\" content=\"index, follow, max-snippet:-1, max-image-preview:large, max-video-preview:-1\" \/>\n<link rel=\"canonical\" href=\"https:\/\/guggify.ch\/index.php\/produkt\/under-alex-hepburn\/\" \/>\n<meta property=\"og:locale\" content=\"de_DE\" \/>\n<meta property=\"og:type\" content=\"article\" \/>\n<meta property=\"og:title\" content=\"Under - Alex Hepburn - Guggify\" \/>\n<meta property=\"og:description\" content=\"Pop mit Wucht: eing\u00e4ngige Melodie, satte Kl\u00e4nge und rhythmischer Pfiff \u2013 perfekt f\u00fcr Guggen, die Druck machen und trotzdem musikalisch gl\u00e4nzen wollen.\" \/>\n<meta property=\"og:url\" content=\"https:\/\/guggify.ch\/index.php\/produkt\/under-alex-hepburn\/\" \/>\n<meta property=\"og:site_name\" content=\"Guggify\" \/>\n<meta property=\"article:modified_time\" content=\"2025-05-10T10:05:21+00:00\" \/>\n<meta property=\"og:image\" content=\"https:\/\/guggify.ch\/wp-content\/uploads\/2025\/01\/under_cover.jpg\" \/>\n\t<meta property=\"og:image:width\" content=\"225\" \/>\n\t<meta property=\"og:image:height\" content=\"225\" \/>\n\t<meta property=\"og:image:type\" content=\"image\/jpeg\" \/>\n<meta name=\"twitter:card\" content=\"summary_large_image\" \/>\n<meta name=\"twitter:label1\" content=\"Gesch\u00e4tzte Lesezeit\" \/>\n\t<meta name=\"twitter:data1\" content=\"1\u00a0Minute\" \/>\n<script type=\"application\/ld+json\" class=\"yoast-schema-graph\">{\"@context\":\"https:\/\/schema.org\",\"@graph\":[{\"@type\":\"WebPage\",\"@id\":\"https:\/\/guggify.ch\/index.php\/produkt\/under-alex-hepburn\/\",\"url\":\"https:\/\/guggify.ch\/index.php\/produkt\/under-alex-hepburn\/\",\"name\":\"Under - Alex Hepburn - Guggify\",\"isPartOf\":{\"@id\":\"https:\/\/guggify.ch\/#website\"},\"primaryImageOfPage\":{\"@id\":\"https:\/\/guggify.ch\/index.php\/produkt\/under-alex-hepburn\/#primaryimage\"},\"image\":{\"@id\":\"https:\/\/guggify.ch\/index.php\/produkt\/under-alex-hepburn\/#primaryimage\"},\"thumbnailUrl\":\"https:\/\/guggify.ch\/wp-content\/uploads\/2025\/01\/under_cover.jpg\",\"datePublished\":\"2025-01-31T15:58:33+00:00\",\"dateModified\":\"2025-05-10T10:05:21+00:00\",\"description\":\"Pop mit Wucht: eing\u00e4ngige Melodie, satte Kl\u00e4nge und rhythmischer Pfiff \u2013 perfekt f\u00fcr Guggen, die Druck machen und trotzdem musikalisch gl\u00e4nzen wollen.\",\"breadcrumb\":{\"@id\":\"https:\/\/guggify.ch\/index.php\/produkt\/under-alex-hepburn\/#breadcrumb\"},\"inLanguage\":\"de-CH\",\"potentialAction\":[{\"@type\":\"ReadAction\",\"target\":[\"https:\/\/guggify.ch\/index.php\/produkt\/under-alex-hepburn\/\"]}]},{\"@type\":\"ImageObject\",\"inLanguage\":\"de-CH\",\"@id\":\"https:\/\/guggify.ch\/index.php\/produkt\/under-alex-hepburn\/#primaryimage\",\"url\":\"https:\/\/guggify.ch\/wp-content\/uploads\/2025\/01\/under_cover.jpg\",\"contentUrl\":\"https:\/\/guggify.ch\/wp-content\/uploads\/2025\/01\/under_cover.jpg\",\"width\":225,\"height\":225},{\"@type\":\"BreadcrumbList\",\"@id\":\"https:\/\/guggify.ch\/index.php\/produkt\/under-alex-hepburn\/#breadcrumb\",\"itemListElement\":[{\"@type\":\"ListItem\",\"position\":1,\"name\":\"Startseite\",\"item\":\"https:\/\/guggify.ch\/\"},{\"@type\":\"ListItem\",\"position\":2,\"name\":\"Lieder\",\"item\":\"https:\/\/guggify.ch\/index.php\/shop\/\"},{\"@type\":\"ListItem\",\"position\":3,\"name\":\"Under &#8211; Alex Hepburn\"}]},{\"@type\":\"WebSite\",\"@id\":\"https:\/\/guggify.ch\/#website\",\"url\":\"https:\/\/guggify.ch\/\",\"name\":\"Guggify\",\"description\":\"Guggen-Arrangements &amp; Noten, die bewegen.\",\"publisher\":{\"@id\":\"https:\/\/guggify.ch\/#organization\"},\"potentialAction\":[{\"@type\":\"SearchAction\",\"target\":{\"@type\":\"EntryPoint\",\"urlTemplate\":\"https:\/\/guggify.ch\/?s={search_term_string}\"},\"query-input\":{\"@type\":\"PropertyValueSpecification\",\"valueRequired\":true,\"valueName\":\"search_term_string\"}}],\"inLanguage\":\"de-CH\"},{\"@type\":\"Organization\",\"@id\":\"https:\/\/guggify.ch\/#organization\",\"name\":\"Guggify\",\"url\":\"https:\/\/guggify.ch\/\",\"logo\":{\"@type\":\"ImageObject\",\"inLanguage\":\"de-CH\",\"@id\":\"https:\/\/guggify.ch\/#\/schema\/logo\/image\/\",\"url\":\"https:\/\/guggify.ch\/wp-content\/uploads\/2025\/01\/DALL_E-2025-01-03-11.40-removebg-preview.png\",\"contentUrl\":\"https:\/\/guggify.ch\/wp-content\/uploads\/2025\/01\/DALL_E-2025-01-03-11.40-removebg-preview.png\",\"width\":500,\"height\":500,\"caption\":\"Guggify\"},\"image\":{\"@id\":\"https:\/\/guggify.ch\/#\/schema\/logo\/image\/\"},\"sameAs\":[\"https:\/\/www.youtube.com\/@Guggify-CH\"]}]}<\/script>\n<!-- \/ Yoast SEO plugin. -->","yoast_head_json":{"title":"Under - Alex Hepburn - Guggify","description":"Pop mit Wucht: eing\u00e4ngige Melodie, satte Kl\u00e4nge und rhythmischer Pfiff \u2013 perfekt f\u00fcr Guggen, die Druck machen und trotzdem musikalisch gl\u00e4nzen wollen.","robots":{"index":"index","follow":"follow","max-snippet":"max-snippet:-1","max-image-preview":"max-image-preview:large","max-video-preview":"max-video-preview:-1"},"canonical":"https:\/\/guggify.ch\/index.php\/produkt\/under-alex-hepburn\/","og_locale":"de_DE","og_type":"article","og_title":"Under - Alex Hepburn - Guggify","og_description":"Pop mit Wucht: eing\u00e4ngige Melodie, satte Kl\u00e4nge und rhythmischer Pfiff \u2013 perfekt f\u00fcr Guggen, die Druck machen und trotzdem musikalisch gl\u00e4nzen wollen.","og_url":"https:\/\/guggify.ch\/index.php\/produkt\/under-alex-hepburn\/","og_site_name":"Guggify","article_modified_time":"2025-05-10T10:05:21+00:00","og_image":[{"width":225,"height":225,"url":"https:\/\/guggify.ch\/wp-content\/uploads\/2025\/01\/under_cover.jpg","type":"image\/jpeg"}],"twitter_card":"summary_large_image","twitter_misc":{"Gesch\u00e4tzte Lesezeit":"1\u00a0Minute"},"schema":{"@context":"https:\/\/schema.org","@graph":[{"@type":"WebPage","@id":"https:\/\/guggify.ch\/index.php\/produkt\/under-alex-hepburn\/","url":"https:\/\/guggify.ch\/index.php\/produkt\/under-alex-hepburn\/","name":"Under - Alex Hepburn - Guggify","isPartOf":{"@id":"https:\/\/guggify.ch\/#website"},"primaryImageOfPage":{"@id":"https:\/\/guggify.ch\/index.php\/produkt\/under-alex-hepburn\/#primaryimage"},"image":{"@id":"https:\/\/guggify.ch\/index.php\/produkt\/under-alex-hepburn\/#primaryimage"},"thumbnailUrl":"https:\/\/guggify.ch\/wp-content\/uploads\/2025\/01\/under_cover.jpg","datePublished":"2025-01-31T15:58:33+00:00","dateModified":"2025-05-10T10:05:21+00:00","description":"Pop mit Wucht: eing\u00e4ngige Melodie, satte Kl\u00e4nge und rhythmischer Pfiff \u2013 perfekt f\u00fcr Guggen, die Druck machen und trotzdem musikalisch gl\u00e4nzen wollen.","breadcrumb":{"@id":"https:\/\/guggify.ch\/index.php\/produkt\/under-alex-hepburn\/#breadcrumb"},"inLanguage":"de-CH","potentialAction":[{"@type":"ReadAction","target":["https:\/\/guggify.ch\/index.php\/produkt\/under-alex-hepburn\/"]}]},{"@type":"ImageObject","inLanguage":"de-CH","@id":"https:\/\/guggify.ch\/index.php\/produkt\/under-alex-hepburn\/#primaryimage","url":"https:\/\/guggify.ch\/wp-content\/uploads\/2025\/01\/under_cover.jpg","contentUrl":"https:\/\/guggify.ch\/wp-content\/uploads\/2025\/01\/under_cover.jpg","width":225,"height":225},{"@type":"BreadcrumbList","@id":"https:\/\/guggify.ch\/index.php\/produkt\/under-alex-hepburn\/#breadcrumb","itemListElement":[{"@type":"ListItem","position":1,"name":"Startseite","item":"https:\/\/guggify.ch\/"},{"@type":"ListItem","position":2,"name":"Lieder","item":"https:\/\/guggify.ch\/index.php\/shop\/"},{"@type":"ListItem","position":3,"name":"Under &#8211; Alex Hepburn"}]},{"@type":"WebSite","@id":"https:\/\/guggify.ch\/#website","url":"https:\/\/guggify.ch\/","name":"Guggify","description":"Guggen-Arrangements &amp; Noten, die bewegen.","publisher":{"@id":"https:\/\/guggify.ch\/#organization"},"potentialAction":[{"@type":"SearchAction","target":{"@type":"EntryPoint","urlTemplate":"https:\/\/guggify.ch\/?s={search_term_string}"},"query-input":{"@type":"PropertyValueSpecification","valueRequired":true,"valueName":"search_term_string"}}],"inLanguage":"de-CH"},{"@type":"Organization","@id":"https:\/\/guggify.ch\/#organization","name":"Guggify","url":"https:\/\/guggify.ch\/","logo":{"@type":"ImageObject","inLanguage":"de-CH","@id":"https:\/\/guggify.ch\/#\/schema\/logo\/image\/","url":"https:\/\/guggify.ch\/wp-content\/uploads\/2025\/01\/DALL_E-2025-01-03-11.40-removebg-preview.png","contentUrl":"https:\/\/guggify.ch\/wp-content\/uploads\/2025\/01\/DALL_E-2025-01-03-11.40-removebg-preview.png","width":500,"height":500,"caption":"Guggify"},"image":{"@id":"https:\/\/guggify.ch\/#\/schema\/logo\/image\/"},"sameAs":["https:\/\/www.youtube.com\/@Guggify-CH"]}]}},"jetpack_sharing_enabled":true,"_links":{"self":[{"href":"https:\/\/guggify.ch\/index.php\/wp-json\/wp\/v2\/product\/166","targetHints":{"allow":["GET"]}}],"collection":[{"href":"https:\/\/guggify.ch\/index.php\/wp-json\/wp\/v2\/product"}],"about":[{"href":"https:\/\/guggify.ch\/index.php\/wp-json\/wp\/v2\/types\/product"}],"replies":[{"embeddable":true,"href":"https:\/\/guggify.ch\/index.php\/wp-json\/wp\/v2\/comments?post=166"}],"wp:featuredmedia":[{"embeddable":true,"href":"https:\/\/guggify.ch\/index.php\/wp-json\/wp\/v2\/media\/167"}],"wp:attachment":[{"href":"https:\/\/guggify.ch\/index.php\/wp-json\/wp\/v2\/media?parent=166"}],"wp:term":[{"taxonomy":"product_brand","embeddable":true,"href":"https:\/\/guggify.ch\/index.php\/wp-json\/wp\/v2\/product_brand?post=166"},{"taxonomy":"product_cat","embeddable":true,"href":"https:\/\/guggify.ch\/index.php\/wp-json\/wp\/v2\/product_cat?post=166"},{"taxonomy":"product_tag","embeddable":true,"href":"https:\/\/guggify.ch\/index.php\/wp-json\/wp\/v2\/product_tag?post=166"}],"curies":[{"name":"wp","href":"https:\/\/api.w.org\/{rel}","templated":true}]}}