{"id":168,"date":"2025-01-31T17:00:55","date_gmt":"2025-01-31T16:00:55","guid":{"rendered":"https:\/\/guggify.ch\/?post_type=product&#038;p=168"},"modified":"2025-05-10T11:39:33","modified_gmt":"2025-05-10T09:39:33","slug":"unter-den-wolken-die-toten-hosen","status":"publish","type":"product","link":"https:\/\/guggify.ch\/index.php\/produkt\/unter-den-wolken-die-toten-hosen\/","title":{"rendered":"Unter den Wolken &#8211; Die Toten Hosen"},"content":{"rendered":"<p><audio class=\"wp-audio-shortcode\" id=\"audio-168-1\" preload=\"none\" style=\"width: 100%;\" controls=\"controls\"><source type=\"audio\/mpeg\" src=\"https:\/\/guggify.ch\/wp-content\/uploads\/2025\/01\/toten_hosen_unter_den_wolken.mp3?_=1\" \/><a href=\"https:\/\/guggify.ch\/wp-content\/uploads\/2025\/01\/toten_hosen_unter_den_wolken.mp3\">https:\/\/guggify.ch\/wp-content\/uploads\/2025\/01\/toten_hosen_unter_den_wolken.mp3<\/a><\/audio><br \/>\n<iframe style=\"border-radius:12px\" src=\"https:\/\/open.spotify.com\/embed\/track\/0QjDsAtLPHcD391U6VtxdH?utm_source=generator\" width=\"100%\" height=\"152\" frameBorder=\"0\" allowfullscreen=\"\" allow=\"autoplay; clipboard-write; encrypted-media; fullscreen; picture-in-picture\" loading=\"lazy\"><\/iframe><\/p>\n<h3>Stimmen<\/h3>\n<p>1 Euphonium, 1-2 Trompete, 1-2 Posaune, 1 Sousaphon, Schlagwerk + Lyra<\/p>\n<h3>Schwierigkeit<\/h3>\n<p>Gesamtschwierigkeit: Einfach<\/p>\n","protected":false},"excerpt":{"rendered":"<p>\u201eUnter den Wolken\u201c bringt die typische Energie der Toten Hosen direkt auf die Gasse \u2013 druckvoll, melodi\u00f6s und mitreissend. Der Song lebt vom treibenden Beat und dem aufbauenden Refrain, der sofort h\u00e4ngen bleibt und beim Publikum z\u00fcndet. Ein rockiges St\u00fcck, das sich perfekt eignet, um das Repertoire mit moderner Power aufzuladen.<\/p>\n<p>Das Arrangement sorgt f\u00fcr satten Sound und l\u00e4sst genug Raum, damit jede Stimme gl\u00e4nzen kann. Ideal f\u00fcr Guggen, die rockige Titel mit Zug aufs Publikum suchen und dabei auf klare Strukturen und Spielfreude setzen. Das St\u00fcck funktioniert sowohl als Opener wie auch als Stimmungsmacher mitten im Set.<\/p>\n","protected":false},"featured_media":169,"comment_status":"open","ping_status":"closed","template":"","meta":[],"product_brand":[],"product_cat":[15],"product_tag":[],"class_list":{"0":"post-168","1":"product","2":"type-product","3":"status-publish","4":"has-post-thumbnail","6":"product_cat-unkategorisiert","8":"first","9":"instock","10":"downloadable","11":"virtual","12":"purchasable","13":"product-type-simple"},"yoast_head":"<!-- This site is optimized with the Yoast SEO plugin v26.6 - https:\/\/yoast.com\/wordpress\/plugins\/seo\/ -->\n<title>Unter den Wolken - Die Toten Hosen - Guggify<\/title>\n<meta name=\"robots\" content=\"index, follow, max-snippet:-1, max-image-preview:large, max-video-preview:-1\" \/>\n<link rel=\"canonical\" href=\"https:\/\/guggify.ch\/index.php\/produkt\/unter-den-wolken-die-toten-hosen\/\" \/>\n<meta property=\"og:locale\" content=\"de_DE\" \/>\n<meta property=\"og:type\" content=\"article\" \/>\n<meta property=\"og:title\" content=\"Unter den Wolken - Die Toten Hosen - Guggify\" \/>\n<meta property=\"og:description\" content=\"\u201eUnter den Wolken\u201c bringt die typische Energie der Toten Hosen direkt auf die Gasse \u2013 druckvoll, melodi\u00f6s und mitreissend. Der Song lebt vom treibenden Beat und dem aufbauenden Refrain, der sofort h\u00e4ngen bleibt und beim Publikum z\u00fcndet. Ein rockiges St\u00fcck, das sich perfekt eignet, um das Repertoire mit moderner Power aufzuladen.  Das Arrangement sorgt f\u00fcr satten Sound und l\u00e4sst genug Raum, damit jede Stimme gl\u00e4nzen kann. Ideal f\u00fcr Guggen, die rockige Titel mit Zug aufs Publikum suchen und dabei auf klare Strukturen und Spielfreude setzen. Das St\u00fcck funktioniert sowohl als Opener wie auch als Stimmungsmacher mitten im Set.\" \/>\n<meta property=\"og:url\" content=\"https:\/\/guggify.ch\/index.php\/produkt\/unter-den-wolken-die-toten-hosen\/\" \/>\n<meta property=\"og:site_name\" content=\"Guggify\" \/>\n<meta property=\"article:modified_time\" content=\"2025-05-10T09:39:33+00:00\" \/>\n<meta property=\"og:image\" content=\"https:\/\/guggify.ch\/wp-content\/uploads\/2025\/01\/toten_hosen_cover.jpg\" \/>\n\t<meta property=\"og:image:width\" content=\"225\" \/>\n\t<meta property=\"og:image:height\" content=\"225\" \/>\n\t<meta property=\"og:image:type\" content=\"image\/jpeg\" \/>\n<meta name=\"twitter:card\" content=\"summary_large_image\" \/>\n<meta name=\"twitter:label1\" content=\"Gesch\u00e4tzte Lesezeit\" \/>\n\t<meta name=\"twitter:data1\" content=\"1\u00a0Minute\" \/>\n<script type=\"application\/ld+json\" class=\"yoast-schema-graph\">{\"@context\":\"https:\/\/schema.org\",\"@graph\":[{\"@type\":\"WebPage\",\"@id\":\"https:\/\/guggify.ch\/index.php\/produkt\/unter-den-wolken-die-toten-hosen\/\",\"url\":\"https:\/\/guggify.ch\/index.php\/produkt\/unter-den-wolken-die-toten-hosen\/\",\"name\":\"Unter den Wolken - Die Toten Hosen - Guggify\",\"isPartOf\":{\"@id\":\"https:\/\/guggify.ch\/#website\"},\"primaryImageOfPage\":{\"@id\":\"https:\/\/guggify.ch\/index.php\/produkt\/unter-den-wolken-die-toten-hosen\/#primaryimage\"},\"image\":{\"@id\":\"https:\/\/guggify.ch\/index.php\/produkt\/unter-den-wolken-die-toten-hosen\/#primaryimage\"},\"thumbnailUrl\":\"https:\/\/guggify.ch\/wp-content\/uploads\/2025\/01\/toten_hosen_cover.jpg\",\"datePublished\":\"2025-01-31T16:00:55+00:00\",\"dateModified\":\"2025-05-10T09:39:33+00:00\",\"breadcrumb\":{\"@id\":\"https:\/\/guggify.ch\/index.php\/produkt\/unter-den-wolken-die-toten-hosen\/#breadcrumb\"},\"inLanguage\":\"de-CH\",\"potentialAction\":[{\"@type\":\"ReadAction\",\"target\":[\"https:\/\/guggify.ch\/index.php\/produkt\/unter-den-wolken-die-toten-hosen\/\"]}]},{\"@type\":\"ImageObject\",\"inLanguage\":\"de-CH\",\"@id\":\"https:\/\/guggify.ch\/index.php\/produkt\/unter-den-wolken-die-toten-hosen\/#primaryimage\",\"url\":\"https:\/\/guggify.ch\/wp-content\/uploads\/2025\/01\/toten_hosen_cover.jpg\",\"contentUrl\":\"https:\/\/guggify.ch\/wp-content\/uploads\/2025\/01\/toten_hosen_cover.jpg\",\"width\":225,\"height\":225},{\"@type\":\"BreadcrumbList\",\"@id\":\"https:\/\/guggify.ch\/index.php\/produkt\/unter-den-wolken-die-toten-hosen\/#breadcrumb\",\"itemListElement\":[{\"@type\":\"ListItem\",\"position\":1,\"name\":\"Startseite\",\"item\":\"https:\/\/guggify.ch\/\"},{\"@type\":\"ListItem\",\"position\":2,\"name\":\"Lieder\",\"item\":\"https:\/\/guggify.ch\/index.php\/shop\/\"},{\"@type\":\"ListItem\",\"position\":3,\"name\":\"Unter den Wolken &#8211; Die Toten Hosen\"}]},{\"@type\":\"WebSite\",\"@id\":\"https:\/\/guggify.ch\/#website\",\"url\":\"https:\/\/guggify.ch\/\",\"name\":\"Guggify\",\"description\":\"Guggen-Arrangements &amp; Noten, die bewegen.\",\"publisher\":{\"@id\":\"https:\/\/guggify.ch\/#organization\"},\"potentialAction\":[{\"@type\":\"SearchAction\",\"target\":{\"@type\":\"EntryPoint\",\"urlTemplate\":\"https:\/\/guggify.ch\/?s={search_term_string}\"},\"query-input\":{\"@type\":\"PropertyValueSpecification\",\"valueRequired\":true,\"valueName\":\"search_term_string\"}}],\"inLanguage\":\"de-CH\"},{\"@type\":\"Organization\",\"@id\":\"https:\/\/guggify.ch\/#organization\",\"name\":\"Guggify\",\"url\":\"https:\/\/guggify.ch\/\",\"logo\":{\"@type\":\"ImageObject\",\"inLanguage\":\"de-CH\",\"@id\":\"https:\/\/guggify.ch\/#\/schema\/logo\/image\/\",\"url\":\"https:\/\/guggify.ch\/wp-content\/uploads\/2025\/01\/DALL_E-2025-01-03-11.40-removebg-preview.png\",\"contentUrl\":\"https:\/\/guggify.ch\/wp-content\/uploads\/2025\/01\/DALL_E-2025-01-03-11.40-removebg-preview.png\",\"width\":500,\"height\":500,\"caption\":\"Guggify\"},\"image\":{\"@id\":\"https:\/\/guggify.ch\/#\/schema\/logo\/image\/\"},\"sameAs\":[\"https:\/\/www.youtube.com\/@Guggify-CH\"]}]}<\/script>\n<!-- \/ Yoast SEO plugin. -->","yoast_head_json":{"title":"Unter den Wolken - Die Toten Hosen - Guggify","robots":{"index":"index","follow":"follow","max-snippet":"max-snippet:-1","max-image-preview":"max-image-preview:large","max-video-preview":"max-video-preview:-1"},"canonical":"https:\/\/guggify.ch\/index.php\/produkt\/unter-den-wolken-die-toten-hosen\/","og_locale":"de_DE","og_type":"article","og_title":"Unter den Wolken - Die Toten Hosen - Guggify","og_description":"\u201eUnter den Wolken\u201c bringt die typische Energie der Toten Hosen direkt auf die Gasse \u2013 druckvoll, melodi\u00f6s und mitreissend. Der Song lebt vom treibenden Beat und dem aufbauenden Refrain, der sofort h\u00e4ngen bleibt und beim Publikum z\u00fcndet. Ein rockiges St\u00fcck, das sich perfekt eignet, um das Repertoire mit moderner Power aufzuladen.  Das Arrangement sorgt f\u00fcr satten Sound und l\u00e4sst genug Raum, damit jede Stimme gl\u00e4nzen kann. Ideal f\u00fcr Guggen, die rockige Titel mit Zug aufs Publikum suchen und dabei auf klare Strukturen und Spielfreude setzen. Das St\u00fcck funktioniert sowohl als Opener wie auch als Stimmungsmacher mitten im Set.","og_url":"https:\/\/guggify.ch\/index.php\/produkt\/unter-den-wolken-die-toten-hosen\/","og_site_name":"Guggify","article_modified_time":"2025-05-10T09:39:33+00:00","og_image":[{"width":225,"height":225,"url":"https:\/\/guggify.ch\/wp-content\/uploads\/2025\/01\/toten_hosen_cover.jpg","type":"image\/jpeg"}],"twitter_card":"summary_large_image","twitter_misc":{"Gesch\u00e4tzte Lesezeit":"1\u00a0Minute"},"schema":{"@context":"https:\/\/schema.org","@graph":[{"@type":"WebPage","@id":"https:\/\/guggify.ch\/index.php\/produkt\/unter-den-wolken-die-toten-hosen\/","url":"https:\/\/guggify.ch\/index.php\/produkt\/unter-den-wolken-die-toten-hosen\/","name":"Unter den Wolken - Die Toten Hosen - Guggify","isPartOf":{"@id":"https:\/\/guggify.ch\/#website"},"primaryImageOfPage":{"@id":"https:\/\/guggify.ch\/index.php\/produkt\/unter-den-wolken-die-toten-hosen\/#primaryimage"},"image":{"@id":"https:\/\/guggify.ch\/index.php\/produkt\/unter-den-wolken-die-toten-hosen\/#primaryimage"},"thumbnailUrl":"https:\/\/guggify.ch\/wp-content\/uploads\/2025\/01\/toten_hosen_cover.jpg","datePublished":"2025-01-31T16:00:55+00:00","dateModified":"2025-05-10T09:39:33+00:00","breadcrumb":{"@id":"https:\/\/guggify.ch\/index.php\/produkt\/unter-den-wolken-die-toten-hosen\/#breadcrumb"},"inLanguage":"de-CH","potentialAction":[{"@type":"ReadAction","target":["https:\/\/guggify.ch\/index.php\/produkt\/unter-den-wolken-die-toten-hosen\/"]}]},{"@type":"ImageObject","inLanguage":"de-CH","@id":"https:\/\/guggify.ch\/index.php\/produkt\/unter-den-wolken-die-toten-hosen\/#primaryimage","url":"https:\/\/guggify.ch\/wp-content\/uploads\/2025\/01\/toten_hosen_cover.jpg","contentUrl":"https:\/\/guggify.ch\/wp-content\/uploads\/2025\/01\/toten_hosen_cover.jpg","width":225,"height":225},{"@type":"BreadcrumbList","@id":"https:\/\/guggify.ch\/index.php\/produkt\/unter-den-wolken-die-toten-hosen\/#breadcrumb","itemListElement":[{"@type":"ListItem","position":1,"name":"Startseite","item":"https:\/\/guggify.ch\/"},{"@type":"ListItem","position":2,"name":"Lieder","item":"https:\/\/guggify.ch\/index.php\/shop\/"},{"@type":"ListItem","position":3,"name":"Unter den Wolken &#8211; Die Toten Hosen"}]},{"@type":"WebSite","@id":"https:\/\/guggify.ch\/#website","url":"https:\/\/guggify.ch\/","name":"Guggify","description":"Guggen-Arrangements &amp; Noten, die bewegen.","publisher":{"@id":"https:\/\/guggify.ch\/#organization"},"potentialAction":[{"@type":"SearchAction","target":{"@type":"EntryPoint","urlTemplate":"https:\/\/guggify.ch\/?s={search_term_string}"},"query-input":{"@type":"PropertyValueSpecification","valueRequired":true,"valueName":"search_term_string"}}],"inLanguage":"de-CH"},{"@type":"Organization","@id":"https:\/\/guggify.ch\/#organization","name":"Guggify","url":"https:\/\/guggify.ch\/","logo":{"@type":"ImageObject","inLanguage":"de-CH","@id":"https:\/\/guggify.ch\/#\/schema\/logo\/image\/","url":"https:\/\/guggify.ch\/wp-content\/uploads\/2025\/01\/DALL_E-2025-01-03-11.40-removebg-preview.png","contentUrl":"https:\/\/guggify.ch\/wp-content\/uploads\/2025\/01\/DALL_E-2025-01-03-11.40-removebg-preview.png","width":500,"height":500,"caption":"Guggify"},"image":{"@id":"https:\/\/guggify.ch\/#\/schema\/logo\/image\/"},"sameAs":["https:\/\/www.youtube.com\/@Guggify-CH"]}]}},"jetpack_sharing_enabled":true,"_links":{"self":[{"href":"https:\/\/guggify.ch\/index.php\/wp-json\/wp\/v2\/product\/168","targetHints":{"allow":["GET"]}}],"collection":[{"href":"https:\/\/guggify.ch\/index.php\/wp-json\/wp\/v2\/product"}],"about":[{"href":"https:\/\/guggify.ch\/index.php\/wp-json\/wp\/v2\/types\/product"}],"replies":[{"embeddable":true,"href":"https:\/\/guggify.ch\/index.php\/wp-json\/wp\/v2\/comments?post=168"}],"wp:featuredmedia":[{"embeddable":true,"href":"https:\/\/guggify.ch\/index.php\/wp-json\/wp\/v2\/media\/169"}],"wp:attachment":[{"href":"https:\/\/guggify.ch\/index.php\/wp-json\/wp\/v2\/media?parent=168"}],"wp:term":[{"taxonomy":"product_brand","embeddable":true,"href":"https:\/\/guggify.ch\/index.php\/wp-json\/wp\/v2\/product_brand?post=168"},{"taxonomy":"product_cat","embeddable":true,"href":"https:\/\/guggify.ch\/index.php\/wp-json\/wp\/v2\/product_cat?post=168"},{"taxonomy":"product_tag","embeddable":true,"href":"https:\/\/guggify.ch\/index.php\/wp-json\/wp\/v2\/product_tag?post=168"}],"curies":[{"name":"wp","href":"https:\/\/api.w.org\/{rel}","templated":true}]}}